{"id":11,"date":"2024-11-18T14:45:33","date_gmt":"2024-11-18T14:45:33","guid":{"rendered":"http:\/\/eofurniturecontract.com\/?page_id=11"},"modified":"2024-11-19T11:12:41","modified_gmt":"2024-11-19T11:12:41","slug":"hakkimizda","status":"publish","type":"page","link":"https:\/\/eofurniturecontract.com\/index.php\/hakkimizda\/","title":{"rendered":"Hakk\u0131m\u0131zda"},"content":{"rendered":"\t\t<div data-elementor-type=\"wp-page\" data-elementor-id=\"11\" class=\"elementor elementor-11\" data-elementor-post-type=\"page\">\n\t\t\t\t\t\t<section class=\"elementor-section elementor-top-section elementor-element elementor-element-8cdca30 elementor-section-boxed elementor-section-height-default elementor-section-height-default\" data-id=\"8cdca30\" data-element_type=\"section\" data-e-type=\"section\" data-settings=\"{&quot;ekit_has_onepagescroll_dot&quot;:&quot;yes&quot;}\">\n\t\t\t\t\t\t<div class=\"elementor-container elementor-column-gap-default\">\n\t\t\t\t\t<div class=\"elementor-column elementor-col-50 elementor-top-column elementor-element elementor-element-ddfc3ed\" data-id=\"ddfc3ed\" data-element_type=\"column\" data-e-type=\"column\">\n\t\t\t<div class=\"elementor-widget-wrap elementor-element-populated\">\n\t\t\t\t\t\t<div class=\"elementor-element elementor-element-3941793 elementor-widget elementor-widget-image\" data-id=\"3941793\" data-element_type=\"widget\" data-e-type=\"widget\" data-settings=\"{&quot;ekit_we_effect_on&quot;:&quot;none&quot;}\" data-widget_type=\"image.default\">\n\t\t\t\t<div class=\"elementor-widget-container\">\n\t\t\t\t\t\t\t\t\t\t\t\t\t\t\t<img fetchpriority=\"high\" decoding=\"async\" width=\"674\" height=\"836\" src=\"https:\/\/eofurniturecontract.com\/wp-content\/uploads\/2024\/11\/living-room-decor-interior-design-with-sofa.jpg\" class=\"attachment-large size-large wp-image-81\" alt=\"\" srcset=\"https:\/\/eofurniturecontract.com\/wp-content\/uploads\/2024\/11\/living-room-decor-interior-design-with-sofa.jpg 674w, https:\/\/eofurniturecontract.com\/wp-content\/uploads\/2024\/11\/living-room-decor-interior-design-with-sofa-242x300.jpg 242w\" sizes=\"(max-width: 674px) 100vw, 674px\" \/>\t\t\t\t\t\t\t\t\t\t\t\t\t\t\t<\/div>\n\t\t\t\t<\/div>\n\t\t\t\t\t<\/div>\n\t\t<\/div>\n\t\t\t\t<div class=\"elementor-column elementor-col-50 elementor-top-column elementor-element elementor-element-0c7021f\" data-id=\"0c7021f\" data-element_type=\"column\" data-e-type=\"column\">\n\t\t\t<div class=\"elementor-widget-wrap elementor-element-populated\">\n\t\t\t\t\t\t<section class=\"elementor-section elementor-inner-section elementor-element elementor-element-72e2e7e elementor-section-boxed elementor-section-height-default elementor-section-height-default\" data-id=\"72e2e7e\" data-element_type=\"section\" data-e-type=\"section\" data-settings=\"{&quot;ekit_has_onepagescroll_dot&quot;:&quot;yes&quot;}\">\n\t\t\t\t\t\t<div class=\"elementor-container elementor-column-gap-default\">\n\t\t\t\t\t<div class=\"elementor-column elementor-col-50 elementor-inner-column elementor-element elementor-element-3307e69\" data-id=\"3307e69\" data-element_type=\"column\" data-e-type=\"column\">\n\t\t\t<div class=\"elementor-widget-wrap elementor-element-populated\">\n\t\t\t\t\t\t<div class=\"elementor-element elementor-element-9f6387b elementor-widget elementor-widget-image\" data-id=\"9f6387b\" data-element_type=\"widget\" data-e-type=\"widget\" data-settings=\"{&quot;ekit_we_effect_on&quot;:&quot;none&quot;}\" data-widget_type=\"image.default\">\n\t\t\t\t<div class=\"elementor-widget-container\">\n\t\t\t\t\t\t\t\t\t\t\t\t\t\t\t<img decoding=\"async\" width=\"7\" height=\"154\" src=\"https:\/\/eofurniturecontract.com\/wp-content\/uploads\/2024\/11\/line.png\" class=\"attachment-full size-full wp-image-80\" alt=\"\" \/>\t\t\t\t\t\t\t\t\t\t\t\t\t\t\t<\/div>\n\t\t\t\t<\/div>\n\t\t\t\t\t<\/div>\n\t\t<\/div>\n\t\t\t\t<div class=\"elementor-column elementor-col-50 elementor-inner-column elementor-element elementor-element-c02cf2d\" data-id=\"c02cf2d\" data-element_type=\"column\" data-e-type=\"column\">\n\t\t\t<div class=\"elementor-widget-wrap elementor-element-populated\">\n\t\t\t\t\t\t<div class=\"elementor-element elementor-element-a7449bf elementor-widget elementor-widget-heading\" data-id=\"a7449bf\" data-element_type=\"widget\" data-e-type=\"widget\" data-settings=\"{&quot;ekit_we_effect_on&quot;:&quot;none&quot;}\" data-widget_type=\"heading.default\">\n\t\t\t\t<div class=\"elementor-widget-container\">\n\t\t\t\t\t<h2 class=\"elementor-heading-title elementor-size-default\">hakk\u0131m\u0131zda<\/h2>\t\t\t\t<\/div>\n\t\t\t\t<\/div>\n\t\t\t\t<div class=\"elementor-element elementor-element-5936e07 elementor-widget elementor-widget-heading\" data-id=\"5936e07\" data-element_type=\"widget\" data-e-type=\"widget\" data-settings=\"{&quot;ekit_we_effect_on&quot;:&quot;none&quot;}\" data-widget_type=\"heading.default\">\n\t\t\t\t<div class=\"elementor-widget-container\">\n\t\t\t\t\t<h2 class=\"elementor-heading-title elementor-size-default\">Mobilya ve Ah\u015fap \u0130\u015flerinde 25 Y\u0131ll\u0131k M\u00fckemmellik<\/h2>\t\t\t\t<\/div>\n\t\t\t\t<\/div>\n\t\t\t\t<div class=\"elementor-element elementor-element-311d8b9 elementor-widget elementor-widget-heading\" data-id=\"311d8b9\" data-element_type=\"widget\" data-e-type=\"widget\" data-settings=\"{&quot;ekit_we_effect_on&quot;:&quot;none&quot;}\" data-widget_type=\"heading.default\">\n\t\t\t\t<div class=\"elementor-widget-container\">\n\t\t\t\t\t<h2 class=\"elementor-heading-title elementor-size-default\">Ba\u015far\u0131n\u0131n ve G\u00fcvenin Hik\u00e2yesi<\/h2>\t\t\t\t<\/div>\n\t\t\t\t<\/div>\n\t\t\t\t\t<\/div>\n\t\t<\/div>\n\t\t\t\t\t<\/div>\n\t\t<\/section>\n\t\t\t\t<section class=\"elementor-section elementor-inner-section elementor-element elementor-element-a723e59 elementor-section-boxed elementor-section-height-default elementor-section-height-default\" data-id=\"a723e59\" data-element_type=\"section\" data-e-type=\"section\" data-settings=\"{&quot;ekit_has_onepagescroll_dot&quot;:&quot;yes&quot;}\">\n\t\t\t\t\t\t<div class=\"elementor-container elementor-column-gap-default\">\n\t\t\t\t\t<div class=\"elementor-column elementor-col-50 elementor-inner-column elementor-element elementor-element-3a04e15\" data-id=\"3a04e15\" data-element_type=\"column\" data-e-type=\"column\">\n\t\t\t<div class=\"elementor-widget-wrap\">\n\t\t\t\t\t\t\t<\/div>\n\t\t<\/div>\n\t\t\t\t<div class=\"elementor-column elementor-col-50 elementor-inner-column elementor-element elementor-element-c8e07ea\" data-id=\"c8e07ea\" data-element_type=\"column\" data-e-type=\"column\">\n\t\t\t<div class=\"elementor-widget-wrap elementor-element-populated\">\n\t\t\t\t\t\t<div class=\"elementor-element elementor-element-78c7351 elementor-widget elementor-widget-text-editor\" data-id=\"78c7351\" data-element_type=\"widget\" data-e-type=\"widget\" data-settings=\"{&quot;ekit_we_effect_on&quot;:&quot;none&quot;}\" data-widget_type=\"text-editor.default\">\n\t\t\t\t<div class=\"elementor-widget-container\">\n\t\t\t\t\t\t\t\t\t<p>Firmam\u0131z, mobilya ve ah\u015fap i\u015fleri sekt\u00f6r\u00fcndeki k\u00f6kl\u00fc deneyim ve bilgi birikimiyle 1999 y\u0131l\u0131nda \u00e7\u0131kt\u0131\u011f\u0131m\u0131z bu yolda, m\u00fc\u015fteri memnuniyetini temel ilkemiz olarak benimseyerek sekt\u00f6rde fark yaratmay\u0131 ba\u015farm\u0131\u015ft\u0131r. 25 y\u0131l\u0131 a\u015fk\u0131n s\u00fcredir projelerimize de\u011fer kat\u0131yor, yenilik\u00e7i \u00e7\u00f6z\u00fcmler ve kaliteli i\u015f\u00e7ilik anlay\u0131\u015f\u0131m\u0131zla m\u00fc\u015fterilerimize hizmet sunuyoruz.<\/p><p>Kurulu\u015fumuzun temelinde, bug\u00fcne kadar tamamlad\u0131\u011f\u0131m\u0131z projelerden kazand\u0131\u011f\u0131m\u0131z ba\u015far\u0131lar ve g\u00fcven duygusu yat\u0131yor. L\u00fcks otellerden \u00f6zel villalara, ya\u015fam alanlar\u0131ndan ticari yap\u0131lara kadar geni\u015f bir yelpazede yer alan i\u015flerimiz, sekt\u00f6rdeki lider konumumuzu peki\u015ftiriyor.<\/p><p>\u00dcretim organizasyonu, detayl\u0131 planlama, saha kontrol\u00fc ve organizasyonu, projeye \u00f6zel malzeme se\u00e7imi gibi t\u00fcm s\u00fcre\u00e7leri profesyonel bir yakla\u015f\u0131mla y\u00f6netiyoruz. H\u0131rdavat, boya ve aksesuar se\u00e7iminden montaja, teslimata kadar her ad\u0131m\u0131 b\u00fcy\u00fck bir \u00f6zenle ger\u00e7ekle\u015ftiriyoruz. Mimari ve i\u00e7 mimari ofislerle yak\u0131n koordinasyon i\u00e7inde \u00e7al\u0131\u015farak projelerimizi zaman\u0131nda ve eksiksiz teslim ediyoruz.<\/p><p>\u00d6zellikle l\u00fcks otellerdeki bar, lobi, restoran, spa alanlar\u0131 gibi i\u00e7 mek\u00e2n mobilyalar\u0131ndan; pergola, havuz kenar\u0131 zemin deck gibi d\u0131\u015f mek\u00e2n ah\u015fap i\u015flerine kadar geni\u015f bir \u00fcr\u00fcn ve hizmet yelpazesine sahibiz. Ayn\u0131 zamanda m\u00fc\u015fterilerimize, projelerinin her a\u015famas\u0131nda dan\u0131\u015fmanl\u0131k ve \u00e7\u00f6z\u00fcm ortakl\u0131\u011f\u0131 sunarak i\u015flerini kolayla\u015ft\u0131r\u0131yoruz.<\/p><p>Bug\u00fcn, sekt\u00f6r\u00fcm\u00fczde yenilik\u00e7i ve g\u00fcvenilir bir marka olarak an\u0131lmaktan gurur duyuyoruz. \u0130leriye d\u00f6n\u00fck hedefimiz, ayn\u0131 enerji ve tutku ile daha fazla projeye imza atarak, m\u00fc\u015fteri odakl\u0131 yakla\u015f\u0131m\u0131m\u0131zla sekt\u00f6rdeki varl\u0131\u011f\u0131m\u0131z\u0131 g\u00fc\u00e7lendirmek. Kalite, g\u00fcven ve memnuniyet de\u011ferlerimizle \u00e7\u0131kt\u0131\u011f\u0131m\u0131z bu yolda, sizlerle birlikte daha b\u00fcy\u00fck ba\u015far\u0131lara ula\u015fmay\u0131 hedefliyoruz.<\/p><p>\u00a0<\/p>\t\t\t\t\t\t\t\t<\/div>\n\t\t\t\t<\/div>\n\t\t\t\t\t<\/div>\n\t\t<\/div>\n\t\t\t\t\t<\/div>\n\t\t<\/section>\n\t\t\t\t\t<\/div>\n\t\t<\/div>\n\t\t\t\t\t<\/div>\n\t\t<\/section>\n\t\t\t\t<\/div>\n\t\t","protected":false},"excerpt":{"rendered":"<p>hakk\u0131m\u0131zda Mobilya ve Ah\u015fap \u0130\u015flerinde 25 Y\u0131ll\u0131k M\u00fckemmellik Ba\u015far\u0131n\u0131n ve G\u00fcvenin Hik\u00e2yesi Firmam\u0131z, mobilya ve ah\u015fap i\u015fleri sekt\u00f6r\u00fcndeki k\u00f6kl\u00fc deneyim ve bilgi birikimiyle 1999 y\u0131l\u0131nda \u00e7\u0131kt\u0131\u011f\u0131m\u0131z bu yolda, m\u00fc\u015fteri memnuniyetini temel ilkemiz olarak benimseyerek sekt\u00f6rde fark yaratmay\u0131 ba\u015farm\u0131\u015ft\u0131r. 25 y\u0131l\u0131 a\u015fk\u0131n s\u00fcredir projelerimize de\u011fer kat\u0131yor, yenilik\u00e7i \u00e7\u00f6z\u00fcmler ve kaliteli i\u015f\u00e7ilik anlay\u0131\u015f\u0131m\u0131zla m\u00fc\u015fterilerimize hizmet sunuyoruz. Kurulu\u015fumuzun [&hellip;]<\/p>\n","protected":false},"author":1,"featured_media":0,"parent":0,"menu_order":0,"comment_status":"closed","ping_status":"closed","template":"elementor_header_footer","meta":{"footnotes":""},"class_list":["post-11","page","type-page","status-publish","hentry"],"_links":{"self":[{"href":"https:\/\/eofurniturecontract.com\/index.php\/wp-json\/wp\/v2\/pages\/11","targetHints":{"allow":["GET"]}}],"collection":[{"href":"https:\/\/eofurniturecontract.com\/index.php\/wp-json\/wp\/v2\/pages"}],"about":[{"href":"https:\/\/eofurniturecontract.com\/index.php\/wp-json\/wp\/v2\/types\/page"}],"author":[{"embeddable":true,"href":"https:\/\/eofurniturecontract.com\/index.php\/wp-json\/wp\/v2\/users\/1"}],"replies":[{"embeddable":true,"href":"https:\/\/eofurniturecontract.com\/index.php\/wp-json\/wp\/v2\/comments?post=11"}],"version-history":[{"count":10,"href":"https:\/\/eofurniturecontract.com\/index.php\/wp-json\/wp\/v2\/pages\/11\/revisions"}],"predecessor-version":[{"id":210,"href":"https:\/\/eofurniturecontract.com\/index.php\/wp-json\/wp\/v2\/pages\/11\/revisions\/210"}],"wp:attachment":[{"href":"https:\/\/eofurniturecontract.com\/index.php\/wp-json\/wp\/v2\/media?parent=11"}],"curies":[{"name":"wp","href":"https:\/\/api.w.org\/{rel}","templated":true}]}}