{"id":13,"date":"2024-11-18T14:46:01","date_gmt":"2024-11-18T14:46:01","guid":{"rendered":"http:\/\/eofurniturecontract.com\/?page_id=13"},"modified":"2024-11-19T12:46:34","modified_gmt":"2024-11-19T12:46:34","slug":"iletisim","status":"publish","type":"page","link":"https:\/\/eofurniturecontract.com\/index.php\/iletisim\/","title":{"rendered":"\u0130leti\u015fim"},"content":{"rendered":"\t\t<div data-elementor-type=\"wp-page\" data-elementor-id=\"13\" class=\"elementor elementor-13\" data-elementor-post-type=\"page\">\n\t\t\t\t\t\t<section class=\"elementor-section elementor-top-section elementor-element elementor-element-e283a33 elementor-section-boxed elementor-section-height-default elementor-section-height-default\" data-id=\"e283a33\" data-element_type=\"section\" data-e-type=\"section\" data-settings=\"{&quot;ekit_has_onepagescroll_dot&quot;:&quot;yes&quot;}\">\n\t\t\t\t\t\t<div class=\"elementor-container elementor-column-gap-default\">\n\t\t\t\t\t<div class=\"elementor-column elementor-col-50 elementor-top-column elementor-element elementor-element-127eb0a\" data-id=\"127eb0a\" data-element_type=\"column\" data-e-type=\"column\">\n\t\t\t<div class=\"elementor-widget-wrap elementor-element-populated\">\n\t\t\t\t\t\t<div class=\"elementor-element elementor-element-e716fa2 elementor-widget elementor-widget-image\" data-id=\"e716fa2\" data-element_type=\"widget\" data-e-type=\"widget\" data-settings=\"{&quot;ekit_we_effect_on&quot;:&quot;none&quot;}\" data-widget_type=\"image.default\">\n\t\t\t\t<div class=\"elementor-widget-container\">\n\t\t\t\t\t\t\t\t\t\t\t\t\t\t\t<img fetchpriority=\"high\" decoding=\"async\" width=\"674\" height=\"836\" src=\"https:\/\/eofurniturecontract.com\/wp-content\/uploads\/2024\/11\/h13.jpg\" class=\"attachment-large size-large wp-image-281\" alt=\"\" srcset=\"https:\/\/eofurniturecontract.com\/wp-content\/uploads\/2024\/11\/h13.jpg 674w, https:\/\/eofurniturecontract.com\/wp-content\/uploads\/2024\/11\/h13-242x300.jpg 242w\" sizes=\"(max-width: 674px) 100vw, 674px\" \/>\t\t\t\t\t\t\t\t\t\t\t\t\t\t\t<\/div>\n\t\t\t\t<\/div>\n\t\t\t\t\t<\/div>\n\t\t<\/div>\n\t\t\t\t<div class=\"elementor-column elementor-col-50 elementor-top-column elementor-element elementor-element-1e5f11d\" data-id=\"1e5f11d\" data-element_type=\"column\" data-e-type=\"column\">\n\t\t\t<div class=\"elementor-widget-wrap elementor-element-populated\">\n\t\t\t\t\t\t<section class=\"elementor-section elementor-inner-section elementor-element elementor-element-1c4e13c elementor-section-boxed elementor-section-height-default elementor-section-height-default\" data-id=\"1c4e13c\" data-element_type=\"section\" data-e-type=\"section\" data-settings=\"{&quot;ekit_has_onepagescroll_dot&quot;:&quot;yes&quot;}\">\n\t\t\t\t\t\t<div class=\"elementor-container elementor-column-gap-default\">\n\t\t\t\t\t<div class=\"elementor-column elementor-col-50 elementor-inner-column elementor-element elementor-element-6e6ae0d\" data-id=\"6e6ae0d\" data-element_type=\"column\" data-e-type=\"column\">\n\t\t\t<div class=\"elementor-widget-wrap elementor-element-populated\">\n\t\t\t\t\t\t<div class=\"elementor-element elementor-element-bf30379 elementor-widget elementor-widget-image\" data-id=\"bf30379\" data-element_type=\"widget\" data-e-type=\"widget\" data-settings=\"{&quot;ekit_we_effect_on&quot;:&quot;none&quot;}\" data-widget_type=\"image.default\">\n\t\t\t\t<div class=\"elementor-widget-container\">\n\t\t\t\t\t\t\t\t\t\t\t\t\t\t\t<img decoding=\"async\" width=\"7\" height=\"154\" src=\"https:\/\/eofurniturecontract.com\/wp-content\/uploads\/2024\/11\/line.png\" class=\"attachment-full size-full wp-image-80\" alt=\"\" \/>\t\t\t\t\t\t\t\t\t\t\t\t\t\t\t<\/div>\n\t\t\t\t<\/div>\n\t\t\t\t\t<\/div>\n\t\t<\/div>\n\t\t\t\t<div class=\"elementor-column elementor-col-50 elementor-inner-column elementor-element elementor-element-6471d76\" data-id=\"6471d76\" data-element_type=\"column\" data-e-type=\"column\">\n\t\t\t<div class=\"elementor-widget-wrap elementor-element-populated\">\n\t\t\t\t\t\t<div class=\"elementor-element elementor-element-a813b0e elementor-widget elementor-widget-heading\" data-id=\"a813b0e\" data-element_type=\"widget\" data-e-type=\"widget\" data-settings=\"{&quot;ekit_we_effect_on&quot;:&quot;none&quot;}\" data-widget_type=\"heading.default\">\n\t\t\t\t<div class=\"elementor-widget-container\">\n\t\t\t\t\t<h2 class=\"elementor-heading-title elementor-size-default\">ileti\u015fim<\/h2>\t\t\t\t<\/div>\n\t\t\t\t<\/div>\n\t\t\t\t\t<\/div>\n\t\t<\/div>\n\t\t\t\t\t<\/div>\n\t\t<\/section>\n\t\t\t\t<section class=\"elementor-section elementor-inner-section elementor-element elementor-element-d245839 elementor-section-boxed elementor-section-height-default elementor-section-height-default\" data-id=\"d245839\" data-element_type=\"section\" data-e-type=\"section\" data-settings=\"{&quot;ekit_has_onepagescroll_dot&quot;:&quot;yes&quot;}\">\n\t\t\t\t\t\t<div class=\"elementor-container elementor-column-gap-default\">\n\t\t\t\t\t<div class=\"elementor-column elementor-col-50 elementor-inner-column elementor-element elementor-element-33b62b1\" data-id=\"33b62b1\" data-element_type=\"column\" data-e-type=\"column\">\n\t\t\t<div class=\"elementor-widget-wrap\">\n\t\t\t\t\t\t\t<\/div>\n\t\t<\/div>\n\t\t\t\t<div class=\"elementor-column elementor-col-50 elementor-inner-column elementor-element elementor-element-90f4bce\" data-id=\"90f4bce\" data-element_type=\"column\" data-e-type=\"column\">\n\t\t\t<div class=\"elementor-widget-wrap elementor-element-populated\">\n\t\t\t\t\t\t<div class=\"elementor-element elementor-element-60ab335 elementor-mobile-align-start elementor-icon-list--layout-traditional elementor-list-item-link-full_width elementor-widget elementor-widget-icon-list\" data-id=\"60ab335\" data-element_type=\"widget\" data-e-type=\"widget\" data-settings=\"{&quot;ekit_we_effect_on&quot;:&quot;none&quot;}\" data-widget_type=\"icon-list.default\">\n\t\t\t\t<div class=\"elementor-widget-container\">\n\t\t\t\t\t\t\t<ul class=\"elementor-icon-list-items\">\n\t\t\t\t\t\t\t<li class=\"elementor-icon-list-item\">\n\t\t\t\t\t\t\t\t\t\t\t<span class=\"elementor-icon-list-icon\">\n\t\t\t\t\t\t\t<svg xmlns=\"http:\/\/www.w3.org\/2000\/svg\" fill=\"none\" height=\"32\" viewBox=\"0 0 32 32\" width=\"32\"><g fill=\"#000\"><path d=\"m17 2c-.5523 0-1 .44772-1 1s.4477 1 1 1c6.0751 0 11 4.92487 11 11 0 .5523.4477 1 1 1s1-.4477 1-1c0-7.1797-5.8203-13-13-13z\"><\/path><path clip-rule=\"evenodd\" d=\"m9.16024 5.91543c-1.21822-1.21078-3.19401-1.22638-4.41612-.01173-3.0173 2.99887-3.72954 7.7596-1.21811 11.3502 3.3461 4.784 6.79679 8.2689 11.22669 11.2984 3.5897 2.455 8.2909 1.638 11.2538-1.3067 1.2482-1.2407 1.3346-3.2603.0593-4.5279l-2.7603-2.7434c-1.1893-1.182-3.102-1.2437-4.3524-.1201l-1.3419 1.2056c-.3691.3317-.8944.3806-1.2888.142-2.6058-1.5765-4.0518-3.0272-5.6109-5.5758-.2363-.3862-.1894-.9002.1425-1.2652l1.213-1.3335c1.1343-1.2471 1.0712-3.15824-.121-4.34309zm-3.00624 1.4068c.43167-.42903 1.14776-.43412 1.59636.01174l2.78574 2.76873c.4434.4407.456 1.134.0514 1.5789l-1.21301 1.3335c-.89868.988-1.09318 2.4709-.36907 3.6546 1.72558 2.8208 3.40148 4.5008 6.28178 6.2433 1.1846.7166 2.6688.5258 3.6608-.3655l1.3418-1.2057c.4518-.4059 1.1596-.3924 1.6058.0511l2.7603 2.7434c.4983.4953.4111 1.2231-.0593 1.6907-2.3828 2.3682-6.0293 2.9111-8.7149 1.0745-4.2116-2.8802-7.49477-6.1873-10.71679-10.7939-1.89625-2.7111-1.41249-6.39845.98909-8.78537z\" fill-rule=\"evenodd\"><\/path><path d=\"m17 10c-.5523 0-1 .4477-1 1s.4477 1 1 1c1.6569 0 3 1.3431 3 3 0 .5523.4477 1 1 1s1-.4477 1-1c0-2.7614-2.2386-5-5-5z\"><\/path><path d=\"m16 7c0-.55228.4477-1 1-1 4.9706 0 9 4.0294 9 9 0 .5523-.4477 1-1 1s-1-.4477-1-1c0-3.866-3.134-7-7-7-.5523 0-1-.44772-1-1z\"><\/path><\/g><\/svg>\t\t\t\t\t\t<\/span>\n\t\t\t\t\t\t\t\t\t\t<span class=\"elementor-icon-list-text\">\t+90 533 562 66 91<\/span>\n\t\t\t\t\t\t\t\t\t<\/li>\n\t\t\t\t\t\t\t\t<li class=\"elementor-icon-list-item\">\n\t\t\t\t\t\t\t\t\t\t\t<span class=\"elementor-icon-list-icon\">\n\t\t\t\t\t\t\t<svg xmlns=\"http:\/\/www.w3.org\/2000\/svg\" fill=\"none\" height=\"64\" viewBox=\"0 0 64 64\" width=\"64\"><path clip-rule=\"evenodd\" d=\"m6.24981 16.6055c-.16153.4342-.24981.904-.24981 1.3945v28c0 .4465.07316.8759.20814 1.2769l9.69116-9.6911c.781-.7811 2.0473-.7811 2.8284 0 .781.781.781 2.0474 0 2.8284l-9.50944 9.5094c.25282.0501.51421.0764.78174.0764h44c.3583 0 .7056-.0471 1.0361-.1355l-9.4503-9.4503c-.7811-.781-.7811-2.0474 0-2.8284.781-.7811 2.0474-.7811 2.8284 0l9.4503 9.4503c.0884-.3305.1355-.6778.1355-1.0361v-28c0-.4905-.0883-.9603-.2498-1.3945l-21.1965 14.6745c-2.7396 1.8966-6.3678 1.8966-9.1074 0zm3.30002-2.5804 20.17337 13.9661c1.3697.9483 3.1839.9483 4.5536 0l20.1734-13.9661c-.1478-.0166-.298-.0251-.4502-.0251h-44c-.15219 0-.3024.0085-.45017.0251zm-7.54983 3.9749c0-4.4183 3.58172-8 8-8h44c4.4183 0 8 3.5817 8 8v28c0 4.4183-3.5817 8-8 8h-44c-4.41828 0-8-3.5817-8-8z\" fill=\"#000\" fill-rule=\"evenodd\"><\/path><\/svg>\t\t\t\t\t\t<\/span>\n\t\t\t\t\t\t\t\t\t\t<span class=\"elementor-icon-list-text\"> \tinfo@eofur.com<\/span>\n\t\t\t\t\t\t\t\t\t<\/li>\n\t\t\t\t\t\t\t\t<li class=\"elementor-icon-list-item\">\n\t\t\t\t\t\t\t\t\t\t\t<span class=\"elementor-icon-list-icon\">\n\t\t\t\t\t\t\t<svg xmlns=\"http:\/\/www.w3.org\/2000\/svg\" fill=\"none\" height=\"64\" viewBox=\"0 0 64 64\" width=\"64\"><g clip-rule=\"evenodd\" fill=\"#000\" fill-rule=\"evenodd\"><path d=\"m42.4368 2.52185c-1.5514-.6958-3.3222-.6958-4.8736 0l-14.7509 6.61574c-.5172.23193-1.1074.23193-1.6246-.00001l-10.7509-4.82174c-3.96769-1.77952-8.4368 1.15132-8.4368 5.53287v31.53039c0 2.3928 1.39641 4.5611 3.56317 5.5329l14.00003 6.2789c1.5514.6958 3.3222.6958 4.8736 0l8.7386-3.9192c1.3085 2.1571 2.8627 4.1099 4.3431 5.7572 1.8218 2.027 3.6371 3.7055 4.9946 4.8763.6802.5867 1.2492 1.0491 1.6515 1.3673 1.1955.9457 2.4142.994 3.6708 0 .4023-.3182.9713-.7806 1.6515-1.3673.6707-.5784 1.4531-1.2808 2.2928-2.0878.7906-.7599.7784-2.0168.003-2.7922-.7935-.7935-2.0811-.78-2.8928-.0052-.7293.6962-1.4109 1.3071-2.0018 1.8168-.3274.2823-.6259.5327-.8881.7484-.2622-.2157-.5607-.4661-.8881-.7484-1.2675-1.0932-2.9522-2.6523-4.6304-4.5196-3.4523-3.8412-6.4815-8.5547-6.4815-13.0001 0-6.2412 5.2829-11.4607 12-11.4607s12 5.2195 12 11.4607c0 2.7319-1.144 5.5649-2.8271 8.2346-.5275.8367-.4438 1.9347.2557 2.6341.8747.8747 2.3288.7706 3.0005-.2683 2.0544-3.1774 3.5709-6.7262 3.5709-10.6004 0-2.7389-.7277-5.2975-2-7.5153v-17.4681c0-2.3928-1.3964-4.5611-3.5632-5.53289zm-12.4368 36.79525c0 2.1882.5173 4.3294 1.3454 6.3582l-7.3454 3.2944v-35.9679c.1473-.0526.293-.1111.4368-.1756l13.5632-6.08308v19.15298c-4.7602 2.6653-8 7.6418-8 13.421zm16-15.4972c-1.3779 0-2.7187.17-4 .4902v-17.56698l12.8123 5.74628c.7222.3239 1.1877 1.0467 1.1877 1.8443v12.8865c-2.7513-2.1328-6.2375-3.4003-10-3.4003zm-26-10.8181c-.1473-.0526-.293-.1111-.4368-.1756l-10.75092-4.82178c-1.32258-.59317-2.81228.38377-2.81228 1.84429v31.53039c0 .7976.46547 1.5204 1.18773 1.8443l12.81227 5.7463z\"><\/path><path d=\"m39.3333 39.2638c0-3.6819 3.0821-6.4934 6.6667-6.4934s6.6667 2.8115 6.6667 6.4934c0 3.682-3.0821 6.4935-6.6667 6.4935s-6.6667-2.8115-6.6667-6.4935zm6.6667-2.4569c-1.57 0-2.6667 1.1957-2.6667 2.4569 0 1.2613 1.0967 2.457 2.6667 2.457s2.6667-1.1957 2.6667-2.457c0-1.2612-1.0967-2.4569-2.6667-2.4569z\"><\/path><\/g><\/svg>\t\t\t\t\t\t<\/span>\n\t\t\t\t\t\t\t\t\t\t<span class=\"elementor-icon-list-text\">  \t \tBodrum \/ Mu\u011fla <\/span>\n\t\t\t\t\t\t\t\t\t<\/li>\n\t\t\t\t\t\t\t\t<li class=\"elementor-icon-list-item\">\n\t\t\t\t\t\t\t\t\t\t\t<a href=\"https:\/\/www.instagram.com\/eo_furniture_contract\/\">\n\n\t\t\t\t\t\t\t\t\t\t\t\t<span class=\"elementor-icon-list-icon\">\n\t\t\t\t\t\t\t<svg aria-hidden=\"true\" class=\"e-font-icon-svg e-fab-instagram\" viewBox=\"0 0 448 512\" xmlns=\"http:\/\/www.w3.org\/2000\/svg\"><path d=\"M224.1 141c-63.6 0-114.9 51.3-114.9 114.9s51.3 114.9 114.9 114.9S339 319.5 339 255.9 287.7 141 224.1 141zm0 189.6c-41.1 0-74.7-33.5-74.7-74.7s33.5-74.7 74.7-74.7 74.7 33.5 74.7 74.7-33.6 74.7-74.7 74.7zm146.4-194.3c0 14.9-12 26.8-26.8 26.8-14.9 0-26.8-12-26.8-26.8s12-26.8 26.8-26.8 26.8 12 26.8 26.8zm76.1 27.2c-1.7-35.9-9.9-67.7-36.2-93.9-26.2-26.2-58-34.4-93.9-36.2-37-2.1-147.9-2.1-184.9 0-35.8 1.7-67.6 9.9-93.9 36.1s-34.4 58-36.2 93.9c-2.1 37-2.1 147.9 0 184.9 1.7 35.9 9.9 67.7 36.2 93.9s58 34.4 93.9 36.2c37 2.1 147.9 2.1 184.9 0 35.9-1.7 67.7-9.9 93.9-36.2 26.2-26.2 34.4-58 36.2-93.9 2.1-37 2.1-147.8 0-184.8zM398.8 388c-7.8 19.6-22.9 34.7-42.6 42.6-29.5 11.7-99.5 9-132.1 9s-102.7 2.6-132.1-9c-19.6-7.8-34.7-22.9-42.6-42.6-11.7-29.5-9-99.5-9-132.1s-2.6-102.7 9-132.1c7.8-19.6 22.9-34.7 42.6-42.6 29.5-11.7 99.5-9 132.1-9s102.7-2.6 132.1 9c19.6 7.8 34.7 22.9 42.6 42.6 11.7 29.5 9 99.5 9 132.1s2.7 102.7-9 132.1z\"><\/path><\/svg>\t\t\t\t\t\t<\/span>\n\t\t\t\t\t\t\t\t\t\t<span class=\"elementor-icon-list-text\">\teo_furniture_contract<\/span>\n\t\t\t\t\t\t\t\t\t\t\t<\/a>\n\t\t\t\t\t\t\t\t\t<\/li>\n\t\t\t\t\t\t<\/ul>\n\t\t\t\t\t\t<\/div>\n\t\t\t\t<\/div>\n\t\t\t\t\t<\/div>\n\t\t<\/div>\n\t\t\t\t\t<\/div>\n\t\t<\/section>\n\t\t\t\t<section class=\"elementor-section elementor-inner-section elementor-element elementor-element-7d09d4b elementor-section-boxed elementor-section-height-default elementor-section-height-default\" data-id=\"7d09d4b\" data-element_type=\"section\" data-e-type=\"section\" data-settings=\"{&quot;ekit_has_onepagescroll_dot&quot;:&quot;yes&quot;}\">\n\t\t\t\t\t\t<div class=\"elementor-container elementor-column-gap-default\">\n\t\t\t\t\t<div class=\"elementor-column elementor-col-50 elementor-inner-column elementor-element elementor-element-8945953\" data-id=\"8945953\" data-element_type=\"column\" data-e-type=\"column\">\n\t\t\t<div class=\"elementor-widget-wrap\">\n\t\t\t\t\t\t\t<\/div>\n\t\t<\/div>\n\t\t\t\t<div class=\"elementor-column elementor-col-50 elementor-inner-column elementor-element elementor-element-8b7b4c2\" data-id=\"8b7b4c2\" data-element_type=\"column\" data-e-type=\"column\">\n\t\t\t<div class=\"elementor-widget-wrap elementor-element-populated\">\n\t\t\t\t\t\t<div class=\"elementor-element elementor-element-27f73d0 elementor-button-align-stretch elementor-widget elementor-widget-form\" data-id=\"27f73d0\" data-element_type=\"widget\" data-e-type=\"widget\" data-settings=\"{&quot;step_next_label&quot;:&quot;Next&quot;,&quot;step_previous_label&quot;:&quot;Previous&quot;,&quot;button_width&quot;:&quot;100&quot;,&quot;step_type&quot;:&quot;number_text&quot;,&quot;step_icon_shape&quot;:&quot;circle&quot;,&quot;ekit_we_effect_on&quot;:&quot;none&quot;}\" data-widget_type=\"form.default\">\n\t\t\t\t<div class=\"elementor-widget-container\">\n\t\t\t\t\t\t\t<form class=\"elementor-form\" method=\"post\" name=\"New Form\">\n\t\t\t<input type=\"hidden\" name=\"post_id\" value=\"13\"\/>\n\t\t\t<input type=\"hidden\" name=\"form_id\" value=\"27f73d0\"\/>\n\t\t\t<input type=\"hidden\" name=\"referer_title\" value=\"\u0130leti\u015fim\" \/>\n\n\t\t\t\t\t\t\t<input type=\"hidden\" name=\"queried_id\" value=\"13\"\/>\n\t\t\t\n\t\t\t<div class=\"elementor-form-fields-wrapper elementor-labels-\">\n\t\t\t\t\t\t\t\t<div class=\"elementor-field-type-text elementor-field-group elementor-column elementor-field-group-name elementor-col-50 elementor-field-required\">\n\t\t\t\t\t\t\t\t\t\t\t\t<label for=\"form-field-name\" class=\"elementor-field-label elementor-screen-only\">\n\t\t\t\t\t\t\t\tAd\u0131n\u0131z Soyad\u0131n\u0131z\t\t\t\t\t\t\t<\/label>\n\t\t\t\t\t\t\t\t\t\t\t\t\t\t<input size=\"1\" type=\"text\" name=\"form_fields[name]\" id=\"form-field-name\" class=\"elementor-field elementor-size-xs  elementor-field-textual\" placeholder=\"Ad\u0131n\u0131z Soyad\u0131n\u0131z\" required=\"required\" aria-required=\"true\">\n\t\t\t\t\t\t\t\t\t\t\t<\/div>\n\t\t\t\t\t\t\t\t<div class=\"elementor-field-type-email elementor-field-group elementor-column elementor-field-group-field_b2f2e33 elementor-col-50\">\n\t\t\t\t\t\t\t\t\t\t\t\t<label for=\"form-field-field_b2f2e33\" class=\"elementor-field-label elementor-screen-only\">\n\t\t\t\t\t\t\t\tE-Posta Adresiniz\t\t\t\t\t\t\t<\/label>\n\t\t\t\t\t\t\t\t\t\t\t\t\t\t<input size=\"1\" type=\"email\" name=\"form_fields[field_b2f2e33]\" id=\"form-field-field_b2f2e33\" class=\"elementor-field elementor-size-xs  elementor-field-textual\" placeholder=\"E-Posta Adresiniz\">\n\t\t\t\t\t\t\t\t\t\t\t<\/div>\n\t\t\t\t\t\t\t\t<div class=\"elementor-field-type-tel elementor-field-group elementor-column elementor-field-group-email elementor-col-50 elementor-field-required\">\n\t\t\t\t\t\t\t\t\t\t\t\t<label for=\"form-field-email\" class=\"elementor-field-label elementor-screen-only\">\n\t\t\t\t\t\t\t\tTelefon Numaran\u0131z\t\t\t\t\t\t\t<\/label>\n\t\t\t\t\t\t\t\t<input size=\"1\" type=\"tel\" name=\"form_fields[email]\" id=\"form-field-email\" class=\"elementor-field elementor-size-xs  elementor-field-textual\" placeholder=\"Telefon Numaran\u0131z\" required=\"required\" aria-required=\"true\" pattern=\"[0-9()#&amp;+*-=.]+\" title=\"Only numbers and phone characters (#, -, *, etc) are accepted.\">\n\n\t\t\t\t\t\t<\/div>\n\t\t\t\t\t\t\t\t<div class=\"elementor-field-type-text elementor-field-group elementor-column elementor-field-group-field_1f12471 elementor-col-50 elementor-field-required\">\n\t\t\t\t\t\t\t\t\t\t\t\t<label for=\"form-field-field_1f12471\" class=\"elementor-field-label elementor-screen-only\">\n\t\t\t\t\t\t\t\tKonu\t\t\t\t\t\t\t<\/label>\n\t\t\t\t\t\t\t\t\t\t\t\t\t\t<input size=\"1\" type=\"text\" name=\"form_fields[field_1f12471]\" id=\"form-field-field_1f12471\" class=\"elementor-field elementor-size-xs  elementor-field-textual\" placeholder=\"Konu\" required=\"required\" aria-required=\"true\">\n\t\t\t\t\t\t\t\t\t\t\t<\/div>\n\t\t\t\t\t\t\t\t<div class=\"elementor-field-type-textarea elementor-field-group elementor-column elementor-field-group-message elementor-col-100\">\n\t\t\t\t\t\t\t\t\t\t\t\t<label for=\"form-field-message\" class=\"elementor-field-label elementor-screen-only\">\n\t\t\t\t\t\t\t\tMesaj\u0131n\u0131z\t\t\t\t\t\t\t<\/label>\n\t\t\t\t\t\t<textarea class=\"elementor-field-textual elementor-field  elementor-size-xs\" name=\"form_fields[message]\" id=\"form-field-message\" rows=\"4\" placeholder=\"Mesaj\u0131n\u0131z\"><\/textarea>\t\t\t\t<\/div>\n\t\t\t\t\t\t\t\t<div class=\"elementor-field-group elementor-column elementor-field-type-submit elementor-col-100 e-form__buttons\">\n\t\t\t\t\t<button class=\"elementor-button elementor-size-xs\" type=\"submit\">\n\t\t\t\t\t\t<span class=\"elementor-button-content-wrapper\">\n\t\t\t\t\t\t\t\t\t\t\t\t\t\t\t\t\t\t\t\t\t\t<span class=\"elementor-button-text\">G\u00f6nder<\/span>\n\t\t\t\t\t\t\t\t\t\t\t\t\t<\/span>\n\t\t\t\t\t<\/button>\n\t\t\t\t<\/div>\n\t\t\t<\/div>\n\t\t<\/form>\n\t\t\t\t\t\t<\/div>\n\t\t\t\t<\/div>\n\t\t\t\t\t<\/div>\n\t\t<\/div>\n\t\t\t\t\t<\/div>\n\t\t<\/section>\n\t\t\t\t\t<\/div>\n\t\t<\/div>\n\t\t\t\t\t<\/div>\n\t\t<\/section>\n\t\t\t\t<\/div>\n\t\t","protected":false},"excerpt":{"rendered":"<p>ileti\u015fim +90 533 562 66 91 info@eofur.com Bodrum \/ Mu\u011fla eo_furniture_contract<\/p>\n","protected":false},"author":1,"featured_media":0,"parent":0,"menu_order":0,"comment_status":"closed","ping_status":"closed","template":"elementor_header_footer","meta":{"footnotes":""},"class_list":["post-13","page","type-page","status-publish","hentry"],"_links":{"self":[{"href":"https:\/\/eofurniturecontract.com\/index.php\/wp-json\/wp\/v2\/pages\/13","targetHints":{"allow":["GET"]}}],"collection":[{"href":"https:\/\/eofurniturecontract.com\/index.php\/wp-json\/wp\/v2\/pages"}],"about":[{"href":"https:\/\/eofurniturecontract.com\/index.php\/wp-json\/wp\/v2\/types\/page"}],"author":[{"embeddable":true,"href":"https:\/\/eofurniturecontract.com\/index.php\/wp-json\/wp\/v2\/users\/1"}],"replies":[{"embeddable":true,"href":"https:\/\/eofurniturecontract.com\/index.php\/wp-json\/wp\/v2\/comments?post=13"}],"version-history":[{"count":13,"href":"https:\/\/eofurniturecontract.com\/index.php\/wp-json\/wp\/v2\/pages\/13\/revisions"}],"predecessor-version":[{"id":296,"href":"https:\/\/eofurniturecontract.com\/index.php\/wp-json\/wp\/v2\/pages\/13\/revisions\/296"}],"wp:attachment":[{"href":"https:\/\/eofurniturecontract.com\/index.php\/wp-json\/wp\/v2\/media?parent=13"}],"curies":[{"name":"wp","href":"https:\/\/api.w.org\/{rel}","templated":true}]}}