{"id":22,"date":"2024-11-18T14:51:51","date_gmt":"2024-11-18T14:51:51","guid":{"rendered":"http:\/\/eofurniturecontract.com\/?page_id=22"},"modified":"2024-11-19T11:54:12","modified_gmt":"2024-11-19T11:54:12","slug":"ic-mekan-mobilya-cozumleri","status":"publish","type":"page","link":"https:\/\/eofurniturecontract.com\/index.php\/ic-mekan-mobilya-cozumleri\/","title":{"rendered":"\u0130\u00e7 Mekan Mobilya \u00c7\u00f6z\u00fcmleri"},"content":{"rendered":"\t\t<div data-elementor-type=\"wp-page\" data-elementor-id=\"22\" class=\"elementor elementor-22\" data-elementor-post-type=\"page\">\n\t\t\t\t\t\t<section class=\"elementor-section elementor-top-section elementor-element elementor-element-63c24d0 elementor-section-boxed elementor-section-height-default elementor-section-height-default\" data-id=\"63c24d0\" data-element_type=\"section\" data-e-type=\"section\" data-settings=\"{&quot;ekit_has_onepagescroll_dot&quot;:&quot;yes&quot;}\">\n\t\t\t\t\t\t<div class=\"elementor-container elementor-column-gap-default\">\n\t\t\t\t\t<div class=\"elementor-column elementor-col-50 elementor-top-column elementor-element elementor-element-c61b1de animated-slow elementor-invisible\" data-id=\"c61b1de\" data-element_type=\"column\" data-e-type=\"column\" data-settings=\"{&quot;animation&quot;:&quot;fadeInUp&quot;}\">\n\t\t\t<div class=\"elementor-widget-wrap elementor-element-populated\">\n\t\t\t\t\t\t<div class=\"elementor-element elementor-element-c8aaf2d elementor-widget elementor-widget-image\" data-id=\"c8aaf2d\" data-element_type=\"widget\" data-e-type=\"widget\" data-settings=\"{&quot;ekit_we_effect_on&quot;:&quot;none&quot;}\" data-widget_type=\"image.default\">\n\t\t\t\t<div class=\"elementor-widget-container\">\n\t\t\t\t\t\t\t\t\t\t\t\t\t\t\t<img fetchpriority=\"high\" decoding=\"async\" width=\"600\" height=\"832\" src=\"https:\/\/eofurniturecontract.com\/wp-content\/uploads\/2024\/11\/freepik_edit_Interior-Furniture-Cabinets-doors-kitchen-furnitur-1.jpg\" class=\"attachment-full size-full wp-image-103\" alt=\"\" srcset=\"https:\/\/eofurniturecontract.com\/wp-content\/uploads\/2024\/11\/freepik_edit_Interior-Furniture-Cabinets-doors-kitchen-furnitur-1.jpg 600w, https:\/\/eofurniturecontract.com\/wp-content\/uploads\/2024\/11\/freepik_edit_Interior-Furniture-Cabinets-doors-kitchen-furnitur-1-216x300.jpg 216w\" sizes=\"(max-width: 600px) 100vw, 600px\" \/>\t\t\t\t\t\t\t\t\t\t\t\t\t\t\t<\/div>\n\t\t\t\t<\/div>\n\t\t\t\t\t<\/div>\n\t\t<\/div>\n\t\t\t\t<div class=\"elementor-column elementor-col-50 elementor-top-column elementor-element elementor-element-94108f3\" data-id=\"94108f3\" data-element_type=\"column\" data-e-type=\"column\">\n\t\t\t<div class=\"elementor-widget-wrap elementor-element-populated\">\n\t\t\t\t\t\t<section class=\"elementor-section elementor-inner-section elementor-element elementor-element-25d63bc elementor-section-boxed elementor-section-height-default elementor-section-height-default\" data-id=\"25d63bc\" data-element_type=\"section\" data-e-type=\"section\" data-settings=\"{&quot;ekit_has_onepagescroll_dot&quot;:&quot;yes&quot;}\">\n\t\t\t\t\t\t<div class=\"elementor-container elementor-column-gap-default\">\n\t\t\t\t\t<div class=\"elementor-column elementor-col-33 elementor-inner-column elementor-element elementor-element-c54b4c2\" data-id=\"c54b4c2\" data-element_type=\"column\" data-e-type=\"column\">\n\t\t\t<div class=\"elementor-widget-wrap elementor-element-populated\">\n\t\t\t\t\t\t<div class=\"elementor-element elementor-element-a1ac148 elementor-widget elementor-widget-image\" data-id=\"a1ac148\" data-element_type=\"widget\" data-e-type=\"widget\" data-settings=\"{&quot;ekit_we_effect_on&quot;:&quot;none&quot;}\" data-widget_type=\"image.default\">\n\t\t\t\t<div class=\"elementor-widget-container\">\n\t\t\t\t\t\t\t\t\t\t\t\t\t\t\t<img decoding=\"async\" width=\"7\" height=\"154\" src=\"https:\/\/eofurniturecontract.com\/wp-content\/uploads\/2024\/11\/line.png\" class=\"attachment-full size-full wp-image-80\" alt=\"\" \/>\t\t\t\t\t\t\t\t\t\t\t\t\t\t\t<\/div>\n\t\t\t\t<\/div>\n\t\t\t\t\t<\/div>\n\t\t<\/div>\n\t\t\t\t<div class=\"elementor-column elementor-col-33 elementor-inner-column elementor-element elementor-element-9dbfc1f\" data-id=\"9dbfc1f\" data-element_type=\"column\" data-e-type=\"column\">\n\t\t\t<div class=\"elementor-widget-wrap elementor-element-populated\">\n\t\t\t\t\t\t<div class=\"elementor-element elementor-element-4ffe9ce elementor-widget elementor-widget-heading\" data-id=\"4ffe9ce\" data-element_type=\"widget\" data-e-type=\"widget\" data-settings=\"{&quot;ekit_we_effect_on&quot;:&quot;none&quot;}\" data-widget_type=\"heading.default\">\n\t\t\t\t<div class=\"elementor-widget-container\">\n\t\t\t\t\t<h2 class=\"elementor-heading-title elementor-size-default\">hizmetlerimiz<\/h2>\t\t\t\t<\/div>\n\t\t\t\t<\/div>\n\t\t\t\t<div class=\"elementor-element elementor-element-9168528 elementor-widget elementor-widget-heading\" data-id=\"9168528\" data-element_type=\"widget\" data-e-type=\"widget\" data-settings=\"{&quot;ekit_we_effect_on&quot;:&quot;none&quot;}\" data-widget_type=\"heading.default\">\n\t\t\t\t<div class=\"elementor-widget-container\">\n\t\t\t\t\t<h2 class=\"elementor-heading-title elementor-size-default\">\u0130\u00e7 Mekan Mobilya \u00c7\u00f6z\u00fcmleri<\/h2>\t\t\t\t<\/div>\n\t\t\t\t<\/div>\n\t\t\t\t\t<\/div>\n\t\t<\/div>\n\t\t\t\t<div class=\"elementor-column elementor-col-33 elementor-inner-column elementor-element elementor-element-515e027\" data-id=\"515e027\" data-element_type=\"column\" data-e-type=\"column\">\n\t\t\t<div class=\"elementor-widget-wrap\">\n\t\t\t\t\t\t\t<\/div>\n\t\t<\/div>\n\t\t\t\t\t<\/div>\n\t\t<\/section>\n\t\t\t\t<section class=\"elementor-section elementor-inner-section elementor-element elementor-element-d97d90d elementor-section-boxed elementor-section-height-default elementor-section-height-default\" data-id=\"d97d90d\" data-element_type=\"section\" data-e-type=\"section\" data-settings=\"{&quot;ekit_has_onepagescroll_dot&quot;:&quot;yes&quot;}\">\n\t\t\t\t\t\t<div class=\"elementor-container elementor-column-gap-default\">\n\t\t\t\t\t<div class=\"elementor-column elementor-col-50 elementor-inner-column elementor-element elementor-element-b5dcb29\" data-id=\"b5dcb29\" data-element_type=\"column\" data-e-type=\"column\">\n\t\t\t<div class=\"elementor-widget-wrap\">\n\t\t\t\t\t\t\t<\/div>\n\t\t<\/div>\n\t\t\t\t<div class=\"elementor-column elementor-col-50 elementor-inner-column elementor-element elementor-element-b9167fa\" data-id=\"b9167fa\" data-element_type=\"column\" data-e-type=\"column\">\n\t\t\t<div class=\"elementor-widget-wrap elementor-element-populated\">\n\t\t\t\t\t\t<div class=\"elementor-element elementor-element-9b537ee elementor-widget elementor-widget-text-editor\" data-id=\"9b537ee\" data-element_type=\"widget\" data-e-type=\"widget\" data-settings=\"{&quot;ekit_we_effect_on&quot;:&quot;none&quot;}\" data-widget_type=\"text-editor.default\">\n\t\t\t\t<div class=\"elementor-widget-container\">\n\t\t\t\t\t\t\t\t\t<p>Ya\u015fam alanlar\u0131n\u0131z\u0131n estetik ve i\u015flevselli\u011fini bir araya getirerek, hem \u015f\u0131kl\u0131\u011f\u0131 hem de konforu \u00f6n planda tutan i\u00e7 mek\u00e2n mobilyalar\u0131 tasarl\u0131yoruz. Her detay\u0131 \u00f6zenle d\u00fc\u015f\u00fcn\u00fclm\u00fc\u015f \u00fcr\u00fcnlerimiz, ya\u015fam alanlar\u0131n\u0131z\u0131 ki\u015fiselle\u015ftirmenizi sa\u011flarken uzun y\u0131llar g\u00fcvenle kullanabilece\u011finiz dayan\u0131kl\u0131l\u0131\u011fa sahiptir.<\/p>\t\t\t\t\t\t\t\t<\/div>\n\t\t\t\t<\/div>\n\t\t\t\t\t<\/div>\n\t\t<\/div>\n\t\t\t\t\t<\/div>\n\t\t<\/section>\n\t\t\t\t<section class=\"elementor-section elementor-inner-section elementor-element elementor-element-e218152 elementor-section-boxed elementor-section-height-default elementor-section-height-default\" data-id=\"e218152\" data-element_type=\"section\" data-e-type=\"section\" data-settings=\"{&quot;ekit_has_onepagescroll_dot&quot;:&quot;yes&quot;}\">\n\t\t\t\t\t\t<div class=\"elementor-container elementor-column-gap-default\">\n\t\t\t\t\t<div class=\"elementor-column elementor-col-50 elementor-inner-column elementor-element elementor-element-4f7f2e3\" data-id=\"4f7f2e3\" data-element_type=\"column\" data-e-type=\"column\">\n\t\t\t<div class=\"elementor-widget-wrap elementor-element-populated\">\n\t\t\t\t\t\t<div class=\"elementor-element elementor-element-b3256be elementor-widget elementor-widget-image\" data-id=\"b3256be\" data-element_type=\"widget\" data-e-type=\"widget\" data-settings=\"{&quot;ekit_we_effect_on&quot;:&quot;none&quot;}\" data-widget_type=\"image.default\">\n\t\t\t\t<div class=\"elementor-widget-container\">\n\t\t\t\t\t\t\t\t\t\t\t\t\t\t\t<img decoding=\"async\" width=\"693\" height=\"960\" src=\"https:\/\/eofurniturecontract.com\/wp-content\/uploads\/2024\/11\/h1.jpg\" class=\"attachment-full size-full wp-image-215\" alt=\"\" srcset=\"https:\/\/eofurniturecontract.com\/wp-content\/uploads\/2024\/11\/h1.jpg 693w, https:\/\/eofurniturecontract.com\/wp-content\/uploads\/2024\/11\/h1-217x300.jpg 217w\" sizes=\"(max-width: 693px) 100vw, 693px\" \/>\t\t\t\t\t\t\t\t\t\t\t\t\t\t\t<\/div>\n\t\t\t\t<\/div>\n\t\t\t\t\t<\/div>\n\t\t<\/div>\n\t\t\t\t<div class=\"elementor-column elementor-col-50 elementor-inner-column elementor-element elementor-element-b8b3728\" data-id=\"b8b3728\" data-element_type=\"column\" data-e-type=\"column\" data-settings=\"{&quot;background_background&quot;:&quot;classic&quot;}\">\n\t\t\t<div class=\"elementor-widget-wrap elementor-element-populated\">\n\t\t\t\t\t\t<div class=\"elementor-element elementor-element-301a9ae elementor-widget elementor-widget-heading\" data-id=\"301a9ae\" data-element_type=\"widget\" data-e-type=\"widget\" data-settings=\"{&quot;ekit_we_effect_on&quot;:&quot;none&quot;}\" data-widget_type=\"heading.default\">\n\t\t\t\t<div class=\"elementor-widget-container\">\n\t\t\t\t\t<h2 class=\"elementor-heading-title elementor-size-default\">Sabit Mobilyalar<\/h2>\t\t\t\t<\/div>\n\t\t\t\t<\/div>\n\t\t\t\t<div class=\"elementor-element elementor-element-4ff215d elementor-widget elementor-widget-text-editor\" data-id=\"4ff215d\" data-element_type=\"widget\" data-e-type=\"widget\" data-settings=\"{&quot;ekit_we_effect_on&quot;:&quot;none&quot;}\" data-widget_type=\"text-editor.default\">\n\t\t\t\t<div class=\"elementor-widget-container\">\n\t\t\t\t\t\t\t\t\t<p>Dolaplar, kap\u0131lar, mutfak dolaplar\u0131 gibi ya\u015fam alanlar\u0131n\u0131z\u0131n temel ihtiya\u00e7lar\u0131n\u0131 kar\u015f\u0131layan sabit mobilyalar, dayan\u0131kl\u0131l\u0131k ve ergonomi g\u00f6z \u00f6n\u00fcnde bulundurularak tasarlan\u0131r. Hem i\u015flevsel hem de estetik bir yap\u0131ya sahip olan bu mobilyalar, uzun \u00f6m\u00fcrl\u00fc malzeme kullan\u0131m\u0131 sayesinde y\u0131llarca ilk g\u00fcnk\u00fc gibi kal\u0131r. \u0130htiya\u00e7lar\u0131n\u0131za ve ya\u015fam tarz\u0131n\u0131za g\u00f6re \u00f6zelle\u015ftirilen tasar\u0131mlar\u0131m\u0131zla, mekanlar\u0131n\u0131za d\u00fczen ve zarafet kat\u0131yoruz.<\/p>\t\t\t\t\t\t\t\t<\/div>\n\t\t\t\t<\/div>\n\t\t\t\t\t<\/div>\n\t\t<\/div>\n\t\t\t\t\t<\/div>\n\t\t<\/section>\n\t\t\t\t<section class=\"elementor-section elementor-inner-section elementor-element elementor-element-202044e elementor-section-boxed elementor-section-height-default elementor-section-height-default\" data-id=\"202044e\" data-element_type=\"section\" data-e-type=\"section\" data-settings=\"{&quot;ekit_has_onepagescroll_dot&quot;:&quot;yes&quot;}\">\n\t\t\t\t\t\t<div class=\"elementor-container elementor-column-gap-default\">\n\t\t\t\t\t<div class=\"elementor-column elementor-col-50 elementor-inner-column elementor-element elementor-element-4f71fa6\" data-id=\"4f71fa6\" data-element_type=\"column\" data-e-type=\"column\">\n\t\t\t<div class=\"elementor-widget-wrap elementor-element-populated\">\n\t\t\t\t\t\t<div class=\"elementor-element elementor-element-7de5c82 elementor-widget elementor-widget-image\" data-id=\"7de5c82\" data-element_type=\"widget\" data-e-type=\"widget\" data-settings=\"{&quot;ekit_we_effect_on&quot;:&quot;none&quot;}\" data-widget_type=\"image.default\">\n\t\t\t\t<div class=\"elementor-widget-container\">\n\t\t\t\t\t\t\t\t\t\t\t\t\t\t\t<img loading=\"lazy\" decoding=\"async\" width=\"693\" height=\"960\" src=\"https:\/\/eofurniturecontract.com\/wp-content\/uploads\/2024\/11\/h2.jpg\" class=\"attachment-large size-large wp-image-216\" alt=\"\" srcset=\"https:\/\/eofurniturecontract.com\/wp-content\/uploads\/2024\/11\/h2.jpg 693w, https:\/\/eofurniturecontract.com\/wp-content\/uploads\/2024\/11\/h2-217x300.jpg 217w\" sizes=\"(max-width: 693px) 100vw, 693px\" \/>\t\t\t\t\t\t\t\t\t\t\t\t\t\t\t<\/div>\n\t\t\t\t<\/div>\n\t\t\t\t\t<\/div>\n\t\t<\/div>\n\t\t\t\t<div class=\"elementor-column elementor-col-50 elementor-inner-column elementor-element elementor-element-34308e0\" data-id=\"34308e0\" data-element_type=\"column\" data-e-type=\"column\" data-settings=\"{&quot;background_background&quot;:&quot;classic&quot;}\">\n\t\t\t<div class=\"elementor-widget-wrap elementor-element-populated\">\n\t\t\t\t\t\t<div class=\"elementor-element elementor-element-38f724e elementor-widget elementor-widget-heading\" data-id=\"38f724e\" data-element_type=\"widget\" data-e-type=\"widget\" data-settings=\"{&quot;ekit_we_effect_on&quot;:&quot;none&quot;}\" data-widget_type=\"heading.default\">\n\t\t\t\t<div class=\"elementor-widget-container\">\n\t\t\t\t\t<h2 class=\"elementor-heading-title elementor-size-default\">Hareketli Mobilyalar\n<\/h2>\t\t\t\t<\/div>\n\t\t\t\t<\/div>\n\t\t\t\t<div class=\"elementor-element elementor-element-c5bdcb9 elementor-widget elementor-widget-text-editor\" data-id=\"c5bdcb9\" data-element_type=\"widget\" data-e-type=\"widget\" data-settings=\"{&quot;ekit_we_effect_on&quot;:&quot;none&quot;}\" data-widget_type=\"text-editor.default\">\n\t\t\t\t<div class=\"elementor-widget-container\">\n\t\t\t\t\t\t\t\t\t<p>\u00c7al\u0131\u015fma ve yemek masalar\u0131, koltuklar, sehpalar gibi hareketli mobilyalar\u0131m\u0131z, farkl\u0131 kullan\u0131m ihtiya\u00e7lar\u0131na hitap edecek \u015fekilde tasarlan\u0131r. Kullan\u0131c\u0131 dostu, kolay ta\u015f\u0131nabilir ve pratik \u00e7\u00f6z\u00fcmler sunan bu mobilyalar, ayn\u0131 zamanda mekanlar\u0131n\u0131za modern bir dokunu\u015f katar. \u015e\u0131kl\u0131k ve fonksiyonelli\u011fi bir arada sunarak, g\u00fcnl\u00fck hayat\u0131n\u0131z\u0131 daha keyifli hale getiriyoruz.<\/p>\t\t\t\t\t\t\t\t<\/div>\n\t\t\t\t<\/div>\n\t\t\t\t\t<\/div>\n\t\t<\/div>\n\t\t\t\t\t<\/div>\n\t\t<\/section>\n\t\t\t\t<section class=\"elementor-section elementor-inner-section elementor-element elementor-element-d68d6fe elementor-section-boxed elementor-section-height-default elementor-section-height-default\" data-id=\"d68d6fe\" data-element_type=\"section\" data-e-type=\"section\" data-settings=\"{&quot;ekit_has_onepagescroll_dot&quot;:&quot;yes&quot;}\">\n\t\t\t\t\t\t<div class=\"elementor-container elementor-column-gap-default\">\n\t\t\t\t\t<div class=\"elementor-column elementor-col-50 elementor-inner-column elementor-element elementor-element-5741800\" data-id=\"5741800\" data-element_type=\"column\" data-e-type=\"column\">\n\t\t\t<div class=\"elementor-widget-wrap elementor-element-populated\">\n\t\t\t\t\t\t<div class=\"elementor-element elementor-element-5396fda elementor-widget elementor-widget-image\" data-id=\"5396fda\" data-element_type=\"widget\" data-e-type=\"widget\" data-settings=\"{&quot;ekit_we_effect_on&quot;:&quot;none&quot;}\" data-widget_type=\"image.default\">\n\t\t\t\t<div class=\"elementor-widget-container\">\n\t\t\t\t\t\t\t\t\t\t\t\t\t\t\t<img loading=\"lazy\" decoding=\"async\" width=\"693\" height=\"960\" src=\"https:\/\/eofurniturecontract.com\/wp-content\/uploads\/2024\/11\/h3.jpg\" class=\"attachment-large size-large wp-image-227\" alt=\"\" srcset=\"https:\/\/eofurniturecontract.com\/wp-content\/uploads\/2024\/11\/h3.jpg 693w, https:\/\/eofurniturecontract.com\/wp-content\/uploads\/2024\/11\/h3-217x300.jpg 217w\" sizes=\"(max-width: 693px) 100vw, 693px\" \/>\t\t\t\t\t\t\t\t\t\t\t\t\t\t\t<\/div>\n\t\t\t\t<\/div>\n\t\t\t\t\t<\/div>\n\t\t<\/div>\n\t\t\t\t<div class=\"elementor-column elementor-col-50 elementor-inner-column elementor-element elementor-element-908c872\" data-id=\"908c872\" data-element_type=\"column\" data-e-type=\"column\" data-settings=\"{&quot;background_background&quot;:&quot;classic&quot;}\">\n\t\t\t<div class=\"elementor-widget-wrap elementor-element-populated\">\n\t\t\t\t\t\t<div class=\"elementor-element elementor-element-a512a8c elementor-widget elementor-widget-heading\" data-id=\"a512a8c\" data-element_type=\"widget\" data-e-type=\"widget\" data-settings=\"{&quot;ekit_we_effect_on&quot;:&quot;none&quot;}\" data-widget_type=\"heading.default\">\n\t\t\t\t<div class=\"elementor-widget-container\">\n\t\t\t\t\t<h2 class=\"elementor-heading-title elementor-size-default\">\u00d6zel \u00c7\u00f6z\u00fcmler\n<\/h2>\t\t\t\t<\/div>\n\t\t\t\t<\/div>\n\t\t\t\t<div class=\"elementor-element elementor-element-e8036bb elementor-widget elementor-widget-text-editor\" data-id=\"e8036bb\" data-element_type=\"widget\" data-e-type=\"widget\" data-settings=\"{&quot;ekit_we_effect_on&quot;:&quot;none&quot;}\" data-widget_type=\"text-editor.default\">\n\t\t\t\t<div class=\"elementor-widget-container\">\n\t\t\t\t\t\t\t\t\t<p>Her m\u00fc\u015fteri kendine \u00f6zg\u00fcd\u00fcr, bu y\u00fczden \u00f6zel projelerimizde tamamen ki\u015fiselle\u015ftirilmi\u015f tasar\u0131mlar sunuyoruz. Evinizin veya i\u015f yerinizin dekorasyonuna, ihtiya\u00e7lar\u0131na ve tarz\u0131na uygun mobilyalar \u00fcreterek, size \u00f6zg\u00fcn bir ya\u015fam alan\u0131 yarat\u0131yoruz. Bu s\u00fcre\u00e7te, m\u00fc\u015fterilerimizin isteklerini ve hayallerini tasar\u0131mlar\u0131m\u0131za yans\u0131tarak, tamamen size \u00f6zel ve e\u015fsiz mobilyalar sunmay\u0131 hedefliyoruz.<\/p>\t\t\t\t\t\t\t\t<\/div>\n\t\t\t\t<\/div>\n\t\t\t\t\t<\/div>\n\t\t<\/div>\n\t\t\t\t\t<\/div>\n\t\t<\/section>\n\t\t\t\t\t<\/div>\n\t\t<\/div>\n\t\t\t\t\t<\/div>\n\t\t<\/section>\n\t\t\t\t<\/div>\n\t\t","protected":false},"excerpt":{"rendered":"<p>hizmetlerimiz \u0130\u00e7 Mekan Mobilya \u00c7\u00f6z\u00fcmleri Ya\u015fam alanlar\u0131n\u0131z\u0131n estetik ve i\u015flevselli\u011fini bir araya getirerek, hem \u015f\u0131kl\u0131\u011f\u0131 hem de konforu \u00f6n planda tutan i\u00e7 mek\u00e2n mobilyalar\u0131 tasarl\u0131yoruz. Her detay\u0131 \u00f6zenle d\u00fc\u015f\u00fcn\u00fclm\u00fc\u015f \u00fcr\u00fcnlerimiz, ya\u015fam alanlar\u0131n\u0131z\u0131 ki\u015fiselle\u015ftirmenizi sa\u011flarken uzun y\u0131llar g\u00fcvenle kullanabilece\u011finiz dayan\u0131kl\u0131l\u0131\u011fa sahiptir. Sabit Mobilyalar Dolaplar, kap\u0131lar, mutfak dolaplar\u0131 gibi ya\u015fam alanlar\u0131n\u0131z\u0131n temel ihtiya\u00e7lar\u0131n\u0131 kar\u015f\u0131layan sabit mobilyalar, dayan\u0131kl\u0131l\u0131k [&hellip;]<\/p>\n","protected":false},"author":1,"featured_media":0,"parent":0,"menu_order":0,"comment_status":"closed","ping_status":"closed","template":"elementor_header_footer","meta":{"footnotes":""},"class_list":["post-22","page","type-page","status-publish","hentry"],"_links":{"self":[{"href":"https:\/\/eofurniturecontract.com\/index.php\/wp-json\/wp\/v2\/pages\/22","targetHints":{"allow":["GET"]}}],"collection":[{"href":"https:\/\/eofurniturecontract.com\/index.php\/wp-json\/wp\/v2\/pages"}],"about":[{"href":"https:\/\/eofurniturecontract.com\/index.php\/wp-json\/wp\/v2\/types\/page"}],"author":[{"embeddable":true,"href":"https:\/\/eofurniturecontract.com\/index.php\/wp-json\/wp\/v2\/users\/1"}],"replies":[{"embeddable":true,"href":"https:\/\/eofurniturecontract.com\/index.php\/wp-json\/wp\/v2\/comments?post=22"}],"version-history":[{"count":25,"href":"https:\/\/eofurniturecontract.com\/index.php\/wp-json\/wp\/v2\/pages\/22\/revisions"}],"predecessor-version":[{"id":251,"href":"https:\/\/eofurniturecontract.com\/index.php\/wp-json\/wp\/v2\/pages\/22\/revisions\/251"}],"wp:attachment":[{"href":"https:\/\/eofurniturecontract.com\/index.php\/wp-json\/wp\/v2\/media?parent=22"}],"curies":[{"name":"wp","href":"https:\/\/api.w.org\/{rel}","templated":true}]}}