{"id":24,"date":"2024-11-18T14:52:07","date_gmt":"2024-11-18T14:52:07","guid":{"rendered":"http:\/\/eofurniturecontract.com\/?page_id=24"},"modified":"2024-11-19T11:55:03","modified_gmt":"2024-11-19T11:55:03","slug":"dis-mekan-mobilya-cozumleri","status":"publish","type":"page","link":"https:\/\/eofurniturecontract.com\/index.php\/dis-mekan-mobilya-cozumleri\/","title":{"rendered":"D\u0131\u015f Mekan Mobilya \u00c7\u00f6z\u00fcmleri"},"content":{"rendered":"\t\t<div data-elementor-type=\"wp-page\" data-elementor-id=\"24\" class=\"elementor elementor-24\" data-elementor-post-type=\"page\">\n\t\t\t\t\t\t<section class=\"elementor-section elementor-top-section elementor-element elementor-element-7e20b65 elementor-section-boxed elementor-section-height-default elementor-section-height-default\" data-id=\"7e20b65\" data-element_type=\"section\" data-e-type=\"section\" data-settings=\"{&quot;ekit_has_onepagescroll_dot&quot;:&quot;yes&quot;}\">\n\t\t\t\t\t\t<div class=\"elementor-container elementor-column-gap-default\">\n\t\t\t\t\t<div class=\"elementor-column elementor-col-50 elementor-top-column elementor-element elementor-element-659b75d animated-slow elementor-invisible\" data-id=\"659b75d\" data-element_type=\"column\" data-e-type=\"column\" data-settings=\"{&quot;animation&quot;:&quot;fadeInUp&quot;}\">\n\t\t\t<div class=\"elementor-widget-wrap elementor-element-populated\">\n\t\t\t\t\t\t<div class=\"elementor-element elementor-element-b374a15 elementor-widget elementor-widget-image\" data-id=\"b374a15\" data-element_type=\"widget\" data-e-type=\"widget\" data-settings=\"{&quot;ekit_we_effect_on&quot;:&quot;none&quot;}\" data-widget_type=\"image.default\">\n\t\t\t\t<div class=\"elementor-widget-container\">\n\t\t\t\t\t\t\t\t\t\t\t\t\t\t\t<img fetchpriority=\"high\" decoding=\"async\" width=\"600\" height=\"831\" src=\"https:\/\/eofurniturecontract.com\/wp-content\/uploads\/2024\/11\/freepik_edit_Outdoor-Furniture-Pergolas-floor-decking-facade-cl.jpg\" class=\"attachment-full size-full wp-image-105\" alt=\"\" srcset=\"https:\/\/eofurniturecontract.com\/wp-content\/uploads\/2024\/11\/freepik_edit_Outdoor-Furniture-Pergolas-floor-decking-facade-cl.jpg 600w, https:\/\/eofurniturecontract.com\/wp-content\/uploads\/2024\/11\/freepik_edit_Outdoor-Furniture-Pergolas-floor-decking-facade-cl-217x300.jpg 217w\" sizes=\"(max-width: 600px) 100vw, 600px\" \/>\t\t\t\t\t\t\t\t\t\t\t\t\t\t\t<\/div>\n\t\t\t\t<\/div>\n\t\t\t\t\t<\/div>\n\t\t<\/div>\n\t\t\t\t<div class=\"elementor-column elementor-col-50 elementor-top-column elementor-element elementor-element-9135ce8\" data-id=\"9135ce8\" data-element_type=\"column\" data-e-type=\"column\">\n\t\t\t<div class=\"elementor-widget-wrap elementor-element-populated\">\n\t\t\t\t\t\t<section class=\"elementor-section elementor-inner-section elementor-element elementor-element-dbecaff elementor-section-boxed elementor-section-height-default elementor-section-height-default\" data-id=\"dbecaff\" data-element_type=\"section\" data-e-type=\"section\" data-settings=\"{&quot;ekit_has_onepagescroll_dot&quot;:&quot;yes&quot;}\">\n\t\t\t\t\t\t<div class=\"elementor-container elementor-column-gap-default\">\n\t\t\t\t\t<div class=\"elementor-column elementor-col-50 elementor-inner-column elementor-element elementor-element-4ee4780\" data-id=\"4ee4780\" data-element_type=\"column\" data-e-type=\"column\">\n\t\t\t<div class=\"elementor-widget-wrap elementor-element-populated\">\n\t\t\t\t\t\t<div class=\"elementor-element elementor-element-ba8da45 elementor-widget elementor-widget-image\" data-id=\"ba8da45\" data-element_type=\"widget\" data-e-type=\"widget\" data-settings=\"{&quot;ekit_we_effect_on&quot;:&quot;none&quot;}\" data-widget_type=\"image.default\">\n\t\t\t\t<div class=\"elementor-widget-container\">\n\t\t\t\t\t\t\t\t\t\t\t\t\t\t\t<img decoding=\"async\" width=\"7\" height=\"154\" src=\"https:\/\/eofurniturecontract.com\/wp-content\/uploads\/2024\/11\/line.png\" class=\"attachment-full size-full wp-image-80\" alt=\"\" \/>\t\t\t\t\t\t\t\t\t\t\t\t\t\t\t<\/div>\n\t\t\t\t<\/div>\n\t\t\t\t\t<\/div>\n\t\t<\/div>\n\t\t\t\t<div class=\"elementor-column elementor-col-50 elementor-inner-column elementor-element elementor-element-b999849\" data-id=\"b999849\" data-element_type=\"column\" data-e-type=\"column\">\n\t\t\t<div class=\"elementor-widget-wrap elementor-element-populated\">\n\t\t\t\t\t\t<div class=\"elementor-element elementor-element-1be6923 elementor-widget elementor-widget-heading\" data-id=\"1be6923\" data-element_type=\"widget\" data-e-type=\"widget\" data-settings=\"{&quot;ekit_we_effect_on&quot;:&quot;none&quot;}\" data-widget_type=\"heading.default\">\n\t\t\t\t<div class=\"elementor-widget-container\">\n\t\t\t\t\t<h2 class=\"elementor-heading-title elementor-size-default\">hizmetlerimiz<\/h2>\t\t\t\t<\/div>\n\t\t\t\t<\/div>\n\t\t\t\t<div class=\"elementor-element elementor-element-e0eba08 elementor-widget elementor-widget-heading\" data-id=\"e0eba08\" data-element_type=\"widget\" data-e-type=\"widget\" data-settings=\"{&quot;ekit_we_effect_on&quot;:&quot;none&quot;}\" data-widget_type=\"heading.default\">\n\t\t\t\t<div class=\"elementor-widget-container\">\n\t\t\t\t\t<h2 class=\"elementor-heading-title elementor-size-default\">D\u0131\u015f Mekan Mobilya \u00c7\u00f6z\u00fcmleri<\/h2>\t\t\t\t<\/div>\n\t\t\t\t<\/div>\n\t\t\t\t\t<\/div>\n\t\t<\/div>\n\t\t\t\t\t<\/div>\n\t\t<\/section>\n\t\t\t\t<section class=\"elementor-section elementor-inner-section elementor-element elementor-element-1fc82dc elementor-section-boxed elementor-section-height-default elementor-section-height-default\" data-id=\"1fc82dc\" data-element_type=\"section\" data-e-type=\"section\" data-settings=\"{&quot;ekit_has_onepagescroll_dot&quot;:&quot;yes&quot;}\">\n\t\t\t\t\t\t<div class=\"elementor-container elementor-column-gap-default\">\n\t\t\t\t\t<div class=\"elementor-column elementor-col-50 elementor-inner-column elementor-element elementor-element-f134041\" data-id=\"f134041\" data-element_type=\"column\" data-e-type=\"column\">\n\t\t\t<div class=\"elementor-widget-wrap\">\n\t\t\t\t\t\t\t<\/div>\n\t\t<\/div>\n\t\t\t\t<div class=\"elementor-column elementor-col-50 elementor-inner-column elementor-element elementor-element-1e9f2fe\" data-id=\"1e9f2fe\" data-element_type=\"column\" data-e-type=\"column\">\n\t\t\t<div class=\"elementor-widget-wrap elementor-element-populated\">\n\t\t\t\t\t\t<div class=\"elementor-element elementor-element-020e35d elementor-widget elementor-widget-text-editor\" data-id=\"020e35d\" data-element_type=\"widget\" data-e-type=\"widget\" data-settings=\"{&quot;ekit_we_effect_on&quot;:&quot;none&quot;}\" data-widget_type=\"text-editor.default\">\n\t\t\t\t<div class=\"elementor-widget-container\">\n\t\t\t\t\t\t\t\t\t<p>D\u0131\u015f mek\u00e2nlar, hem estetik hem de dayan\u0131kl\u0131l\u0131k gerektiren \u00f6zel alanlard\u0131r. EO Furniture Contract\u00a0 olarak, bu alanlar\u0131 hem \u015f\u0131k hem de fonksiyonel hale getiren d\u0131\u015f mek\u00e2n mobilyalar\u0131 tasarl\u0131yoruz. Do\u011fal \u015fartlara kar\u015f\u0131 diren\u00e7li malzemelerle \u00fcretilen bu \u00fcr\u00fcnler, uzun y\u0131llar boyunca kullan\u0131mda estetik ve sa\u011flaml\u0131k sa\u011flar. Bah\u00e7enizden teras\u0131n\u0131za, havuz ba\u015f\u0131ndan genel d\u0131\u015f mekanlara kadar her t\u00fcrl\u00fc ihtiyaca uygun \u00e7\u00f6z\u00fcmler sunuyoruz.<\/p>\t\t\t\t\t\t\t\t<\/div>\n\t\t\t\t<\/div>\n\t\t\t\t\t<\/div>\n\t\t<\/div>\n\t\t\t\t\t<\/div>\n\t\t<\/section>\n\t\t\t\t<section class=\"elementor-section elementor-inner-section elementor-element elementor-element-490216a elementor-section-boxed elementor-section-height-default elementor-section-height-default\" data-id=\"490216a\" data-element_type=\"section\" data-e-type=\"section\" data-settings=\"{&quot;ekit_has_onepagescroll_dot&quot;:&quot;yes&quot;}\">\n\t\t\t\t\t\t<div class=\"elementor-container elementor-column-gap-default\">\n\t\t\t\t\t<div class=\"elementor-column elementor-col-50 elementor-inner-column elementor-element elementor-element-40c9161\" data-id=\"40c9161\" data-element_type=\"column\" data-e-type=\"column\">\n\t\t\t<div class=\"elementor-widget-wrap elementor-element-populated\">\n\t\t\t\t\t\t<div class=\"elementor-element elementor-element-7a3666e elementor-widget elementor-widget-image\" data-id=\"7a3666e\" data-element_type=\"widget\" data-e-type=\"widget\" data-settings=\"{&quot;ekit_we_effect_on&quot;:&quot;none&quot;}\" data-widget_type=\"image.default\">\n\t\t\t\t<div class=\"elementor-widget-container\">\n\t\t\t\t\t\t\t\t\t\t\t\t\t\t\t<img decoding=\"async\" width=\"693\" height=\"960\" src=\"https:\/\/eofurniturecontract.com\/wp-content\/uploads\/2024\/11\/h4.jpg\" class=\"attachment-full size-full wp-image-239\" alt=\"\" srcset=\"https:\/\/eofurniturecontract.com\/wp-content\/uploads\/2024\/11\/h4.jpg 693w, https:\/\/eofurniturecontract.com\/wp-content\/uploads\/2024\/11\/h4-217x300.jpg 217w\" sizes=\"(max-width: 693px) 100vw, 693px\" \/>\t\t\t\t\t\t\t\t\t\t\t\t\t\t\t<\/div>\n\t\t\t\t<\/div>\n\t\t\t\t\t<\/div>\n\t\t<\/div>\n\t\t\t\t<div class=\"elementor-column elementor-col-50 elementor-inner-column elementor-element elementor-element-9bf2774\" data-id=\"9bf2774\" data-element_type=\"column\" data-e-type=\"column\" data-settings=\"{&quot;background_background&quot;:&quot;classic&quot;}\">\n\t\t\t<div class=\"elementor-widget-wrap elementor-element-populated\">\n\t\t\t\t\t\t<div class=\"elementor-element elementor-element-3e338fb elementor-widget elementor-widget-heading\" data-id=\"3e338fb\" data-element_type=\"widget\" data-e-type=\"widget\" data-settings=\"{&quot;ekit_we_effect_on&quot;:&quot;none&quot;}\" data-widget_type=\"heading.default\">\n\t\t\t\t<div class=\"elementor-widget-container\">\n\t\t\t\t\t<h2 class=\"elementor-heading-title elementor-size-default\">Pergolalar ve Zemin Deck Kaplamalar\u0131\n<\/h2>\t\t\t\t<\/div>\n\t\t\t\t<\/div>\n\t\t\t\t<div class=\"elementor-element elementor-element-04206b4 elementor-widget elementor-widget-text-editor\" data-id=\"04206b4\" data-element_type=\"widget\" data-e-type=\"widget\" data-settings=\"{&quot;ekit_we_effect_on&quot;:&quot;none&quot;}\" data-widget_type=\"text-editor.default\">\n\t\t\t\t<div class=\"elementor-widget-container\">\n\t\t\t\t\t\t\t\t\t<p>D\u0131\u015f mekanlar\u0131n\u0131z i\u00e7in tasarlad\u0131\u011f\u0131m\u0131z pergolalar ve zemin deck kaplamalar\u0131, \u015f\u0131kl\u0131\u011f\u0131 ve dayan\u0131kl\u0131l\u0131\u011f\u0131 bir araya getirir. Bah\u00e7eniz veya teras\u0131n\u0131z i\u00e7in hem g\u00f6lge sa\u011flayan hem de estetik bir atmosfer yaratan pergolalar, d\u0131\u015f mekan kullan\u0131m\u0131na \u00f6zel malzemelerle \u00fcretilir. Zemin deck kaplamalar\u0131 ise d\u0131\u015f mekan zeminlerini koruyarak, g\u00f6rsel a\u00e7\u0131dan etkileyici ve dayan\u0131kl\u0131 bir \u00e7\u00f6z\u00fcm sunar. Suya, g\u00fcne\u015fe ve di\u011fer do\u011fal ko\u015fullara kar\u015f\u0131 dayan\u0131kl\u0131 yap\u0131lar\u0131yla uzun \u00f6m\u00fcrl\u00fc kullan\u0131m sa\u011flar.<\/p>\t\t\t\t\t\t\t\t<\/div>\n\t\t\t\t<\/div>\n\t\t\t\t\t<\/div>\n\t\t<\/div>\n\t\t\t\t\t<\/div>\n\t\t<\/section>\n\t\t\t\t<section class=\"elementor-section elementor-inner-section elementor-element elementor-element-2882262 elementor-section-boxed elementor-section-height-default elementor-section-height-default\" data-id=\"2882262\" data-element_type=\"section\" data-e-type=\"section\" data-settings=\"{&quot;ekit_has_onepagescroll_dot&quot;:&quot;yes&quot;}\">\n\t\t\t\t\t\t<div class=\"elementor-container elementor-column-gap-default\">\n\t\t\t\t\t<div class=\"elementor-column elementor-col-50 elementor-inner-column elementor-element elementor-element-2de9ce0\" data-id=\"2de9ce0\" data-element_type=\"column\" data-e-type=\"column\">\n\t\t\t<div class=\"elementor-widget-wrap elementor-element-populated\">\n\t\t\t\t\t\t<div class=\"elementor-element elementor-element-f9eabff elementor-widget elementor-widget-image\" data-id=\"f9eabff\" data-element_type=\"widget\" data-e-type=\"widget\" data-settings=\"{&quot;ekit_we_effect_on&quot;:&quot;none&quot;}\" data-widget_type=\"image.default\">\n\t\t\t\t<div class=\"elementor-widget-container\">\n\t\t\t\t\t\t\t\t\t\t\t\t\t\t\t<img loading=\"lazy\" decoding=\"async\" width=\"693\" height=\"960\" src=\"https:\/\/eofurniturecontract.com\/wp-content\/uploads\/2024\/11\/h5.jpg\" class=\"attachment-large size-large wp-image-240\" alt=\"\" srcset=\"https:\/\/eofurniturecontract.com\/wp-content\/uploads\/2024\/11\/h5.jpg 693w, https:\/\/eofurniturecontract.com\/wp-content\/uploads\/2024\/11\/h5-217x300.jpg 217w\" sizes=\"(max-width: 693px) 100vw, 693px\" \/>\t\t\t\t\t\t\t\t\t\t\t\t\t\t\t<\/div>\n\t\t\t\t<\/div>\n\t\t\t\t\t<\/div>\n\t\t<\/div>\n\t\t\t\t<div class=\"elementor-column elementor-col-50 elementor-inner-column elementor-element elementor-element-6a5a7d7\" data-id=\"6a5a7d7\" data-element_type=\"column\" data-e-type=\"column\" data-settings=\"{&quot;background_background&quot;:&quot;classic&quot;}\">\n\t\t\t<div class=\"elementor-widget-wrap elementor-element-populated\">\n\t\t\t\t\t\t<div class=\"elementor-element elementor-element-e7d5e6e elementor-widget elementor-widget-heading\" data-id=\"e7d5e6e\" data-element_type=\"widget\" data-e-type=\"widget\" data-settings=\"{&quot;ekit_we_effect_on&quot;:&quot;none&quot;}\" data-widget_type=\"heading.default\">\n\t\t\t\t<div class=\"elementor-widget-container\">\n\t\t\t\t\t<h2 class=\"elementor-heading-title elementor-size-default\">D\u0131\u015f Mek\u00e2n Sabit Oturma Alanlar\u0131\n<\/h2>\t\t\t\t<\/div>\n\t\t\t\t<\/div>\n\t\t\t\t<div class=\"elementor-element elementor-element-91f5303 elementor-widget elementor-widget-text-editor\" data-id=\"91f5303\" data-element_type=\"widget\" data-e-type=\"widget\" data-settings=\"{&quot;ekit_we_effect_on&quot;:&quot;none&quot;}\" data-widget_type=\"text-editor.default\">\n\t\t\t\t<div class=\"elementor-widget-container\">\n\t\t\t\t\t\t\t\t\t<p>D\u0131\u015f mekan sabit oturma \u00e7\u00f6z\u00fcmlerimiz, konfor ve esteti\u011fi bulu\u015fturur. Park, bah\u00e7e, teras veya ortak ya\u015fam alanlar\u0131nda kullan\u0131labilecek bu oturma birimleri, farkl\u0131 tasar\u0131m se\u00e7enekleriyle mekan\u0131n\u0131za uyum sa\u011flar. Ergonomik yap\u0131lar\u0131 sayesinde uzun s\u00fcreli kullan\u0131mda bile konfor sunarken, d\u0131\u015f \u015fartlara dayan\u0131kl\u0131 malzemeleriyle uzun \u00f6m\u00fcrl\u00fcd\u00fcr.<\/p>\t\t\t\t\t\t\t\t<\/div>\n\t\t\t\t<\/div>\n\t\t\t\t\t<\/div>\n\t\t<\/div>\n\t\t\t\t\t<\/div>\n\t\t<\/section>\n\t\t\t\t<section class=\"elementor-section elementor-inner-section elementor-element elementor-element-7fbdf21 elementor-section-boxed elementor-section-height-default elementor-section-height-default\" data-id=\"7fbdf21\" data-element_type=\"section\" data-e-type=\"section\" data-settings=\"{&quot;ekit_has_onepagescroll_dot&quot;:&quot;yes&quot;}\">\n\t\t\t\t\t\t<div class=\"elementor-container elementor-column-gap-default\">\n\t\t\t\t\t<div class=\"elementor-column elementor-col-50 elementor-inner-column elementor-element elementor-element-1ac87de\" data-id=\"1ac87de\" data-element_type=\"column\" data-e-type=\"column\">\n\t\t\t<div class=\"elementor-widget-wrap elementor-element-populated\">\n\t\t\t\t\t\t<div class=\"elementor-element elementor-element-5516f46 elementor-widget elementor-widget-image\" data-id=\"5516f46\" data-element_type=\"widget\" data-e-type=\"widget\" data-settings=\"{&quot;ekit_we_effect_on&quot;:&quot;none&quot;}\" data-widget_type=\"image.default\">\n\t\t\t\t<div class=\"elementor-widget-container\">\n\t\t\t\t\t\t\t\t\t\t\t\t\t\t\t<img loading=\"lazy\" decoding=\"async\" width=\"693\" height=\"960\" src=\"https:\/\/eofurniturecontract.com\/wp-content\/uploads\/2024\/11\/h6.jpg\" class=\"attachment-large size-large wp-image-241\" alt=\"\" srcset=\"https:\/\/eofurniturecontract.com\/wp-content\/uploads\/2024\/11\/h6.jpg 693w, https:\/\/eofurniturecontract.com\/wp-content\/uploads\/2024\/11\/h6-217x300.jpg 217w\" sizes=\"(max-width: 693px) 100vw, 693px\" \/>\t\t\t\t\t\t\t\t\t\t\t\t\t\t\t<\/div>\n\t\t\t\t<\/div>\n\t\t\t\t\t<\/div>\n\t\t<\/div>\n\t\t\t\t<div class=\"elementor-column elementor-col-50 elementor-inner-column elementor-element elementor-element-a57dedd\" data-id=\"a57dedd\" data-element_type=\"column\" data-e-type=\"column\" data-settings=\"{&quot;background_background&quot;:&quot;classic&quot;}\">\n\t\t\t<div class=\"elementor-widget-wrap elementor-element-populated\">\n\t\t\t\t\t\t<div class=\"elementor-element elementor-element-947efcc elementor-widget elementor-widget-heading\" data-id=\"947efcc\" data-element_type=\"widget\" data-e-type=\"widget\" data-settings=\"{&quot;ekit_we_effect_on&quot;:&quot;none&quot;}\" data-widget_type=\"heading.default\">\n\t\t\t\t<div class=\"elementor-widget-container\">\n\t\t\t\t\t<h2 class=\"elementor-heading-title elementor-size-default\">Hareketli Mobilyalar\n<\/h2>\t\t\t\t<\/div>\n\t\t\t\t<\/div>\n\t\t\t\t<div class=\"elementor-element elementor-element-7c4ae69 elementor-widget elementor-widget-text-editor\" data-id=\"7c4ae69\" data-element_type=\"widget\" data-e-type=\"widget\" data-settings=\"{&quot;ekit_we_effect_on&quot;:&quot;none&quot;}\" data-widget_type=\"text-editor.default\">\n\t\t\t\t<div class=\"elementor-widget-container\">\n\t\t\t\t\t\t\t\t\t<p>D\u0131\u015f mek\u00e2nda ihtiya\u00e7lar\u0131n\u0131za g\u00f6re tasarlanan masa ve sandalyeler, masif ah\u015fap \u015fezlonglar gibi hareketli mobilyalar, d\u0131\u015f mek\u00e2nlar\u0131n\u0131z\u0131n hem fonksiyonel hem de \u015f\u0131k olmas\u0131n\u0131 sa\u011flar. Ta\u015f\u0131nabilir ve \u00e7ok ama\u00e7l\u0131 bu \u00fcr\u00fcnler, farkl\u0131 dekorasyon tarzlar\u0131na uyum sa\u011flar. Ayr\u0131ca projeye \u00f6zel tasar\u0131mlar sunarak, ihtiya\u00e7lar\u0131n\u0131za birebir \u00e7\u00f6z\u00fcm \u00fcretiyoruz.<\/p>\t\t\t\t\t\t\t\t<\/div>\n\t\t\t\t<\/div>\n\t\t\t\t\t<\/div>\n\t\t<\/div>\n\t\t\t\t\t<\/div>\n\t\t<\/section>\n\t\t\t\t<section class=\"elementor-section elementor-inner-section elementor-element elementor-element-892e28c elementor-section-boxed elementor-section-height-default elementor-section-height-default\" data-id=\"892e28c\" data-element_type=\"section\" data-e-type=\"section\" data-settings=\"{&quot;ekit_has_onepagescroll_dot&quot;:&quot;yes&quot;}\">\n\t\t\t\t\t\t<div class=\"elementor-container elementor-column-gap-default\">\n\t\t\t\t\t<div class=\"elementor-column elementor-col-50 elementor-inner-column elementor-element elementor-element-534974b\" data-id=\"534974b\" data-element_type=\"column\" data-e-type=\"column\">\n\t\t\t<div class=\"elementor-widget-wrap elementor-element-populated\">\n\t\t\t\t\t\t<div class=\"elementor-element elementor-element-760eb55 elementor-widget elementor-widget-image\" data-id=\"760eb55\" data-element_type=\"widget\" data-e-type=\"widget\" data-settings=\"{&quot;ekit_we_effect_on&quot;:&quot;none&quot;}\" data-widget_type=\"image.default\">\n\t\t\t\t<div class=\"elementor-widget-container\">\n\t\t\t\t\t\t\t\t\t\t\t\t\t\t\t<img loading=\"lazy\" decoding=\"async\" width=\"693\" height=\"960\" src=\"https:\/\/eofurniturecontract.com\/wp-content\/uploads\/2024\/11\/h7.jpg\" class=\"attachment-large size-large wp-image-242\" alt=\"\" srcset=\"https:\/\/eofurniturecontract.com\/wp-content\/uploads\/2024\/11\/h7.jpg 693w, https:\/\/eofurniturecontract.com\/wp-content\/uploads\/2024\/11\/h7-217x300.jpg 217w\" sizes=\"(max-width: 693px) 100vw, 693px\" \/>\t\t\t\t\t\t\t\t\t\t\t\t\t\t\t<\/div>\n\t\t\t\t<\/div>\n\t\t\t\t\t<\/div>\n\t\t<\/div>\n\t\t\t\t<div class=\"elementor-column elementor-col-50 elementor-inner-column elementor-element elementor-element-535c5ae\" data-id=\"535c5ae\" data-element_type=\"column\" data-e-type=\"column\" data-settings=\"{&quot;background_background&quot;:&quot;classic&quot;}\">\n\t\t\t<div class=\"elementor-widget-wrap elementor-element-populated\">\n\t\t\t\t\t\t<div class=\"elementor-element elementor-element-f94439b elementor-widget elementor-widget-heading\" data-id=\"f94439b\" data-element_type=\"widget\" data-e-type=\"widget\" data-settings=\"{&quot;ekit_we_effect_on&quot;:&quot;none&quot;}\" data-widget_type=\"heading.default\">\n\t\t\t\t<div class=\"elementor-widget-container\">\n\t\t\t\t\t<h2 class=\"elementor-heading-title elementor-size-default\">Cephe Kaplamalar\u0131\n<\/h2>\t\t\t\t<\/div>\n\t\t\t\t<\/div>\n\t\t\t\t<div class=\"elementor-element elementor-element-4a7b25c elementor-widget elementor-widget-text-editor\" data-id=\"4a7b25c\" data-element_type=\"widget\" data-e-type=\"widget\" data-settings=\"{&quot;ekit_we_effect_on&quot;:&quot;none&quot;}\" data-widget_type=\"text-editor.default\">\n\t\t\t\t<div class=\"elementor-widget-container\">\n\t\t\t\t\t\t\t\t\t<p>D\u0131\u015f cephelerinizin hem koruma hem de estetik ihtiyac\u0131n\u0131 kar\u015f\u0131layan \u00e7\u00f6z\u00fcmlerimizle binalar\u0131n\u0131za modern ve dayan\u0131kl\u0131 bir g\u00f6r\u00fcn\u00fcm kazand\u0131r\u0131yoruz. Y\u00fcksek kaliteli ve uzun \u00f6m\u00fcrl\u00fc malzemeler kullanarak, d\u0131\u015f cephelerinizi do\u011fal \u015fartlara kar\u015f\u0131 korurken, g\u00f6rsel bir yenilik sunuyoruz. Projenizin mimari \u00e7izgisine uygun tasar\u0131mlar\u0131m\u0131zla binalar\u0131n\u0131z\u0131n de\u011ferini art\u0131r\u0131yoruz.<\/p><p><span style=\"background-color: #ffffff; text-align: left; color: var( --e-global-color-ccf666d );\">EO Furniture Contract\u00a0<\/span>\u00a0olarak, d\u0131\u015f mek\u00e2n mobilyalar\u0131nda fonksiyonellik, estetik ve dayan\u0131kl\u0131l\u0131\u011f\u0131 bir araya getirerek, a\u00e7\u0131k alanlar\u0131n\u0131z\u0131 hem kullan\u0131\u015fl\u0131 hem de g\u00f6z al\u0131c\u0131 hale getiriyoruz.<\/p>\t\t\t\t\t\t\t\t<\/div>\n\t\t\t\t<\/div>\n\t\t\t\t\t<\/div>\n\t\t<\/div>\n\t\t\t\t\t<\/div>\n\t\t<\/section>\n\t\t\t\t\t<\/div>\n\t\t<\/div>\n\t\t\t\t\t<\/div>\n\t\t<\/section>\n\t\t\t\t<\/div>\n\t\t","protected":false},"excerpt":{"rendered":"<p>hizmetlerimiz D\u0131\u015f Mekan Mobilya \u00c7\u00f6z\u00fcmleri D\u0131\u015f mek\u00e2nlar, hem estetik hem de dayan\u0131kl\u0131l\u0131k gerektiren \u00f6zel alanlard\u0131r. EO Furniture Contract\u00a0 olarak, bu alanlar\u0131 hem \u015f\u0131k hem de fonksiyonel hale getiren d\u0131\u015f mek\u00e2n mobilyalar\u0131 tasarl\u0131yoruz. Do\u011fal \u015fartlara kar\u015f\u0131 diren\u00e7li malzemelerle \u00fcretilen bu \u00fcr\u00fcnler, uzun y\u0131llar boyunca kullan\u0131mda estetik ve sa\u011flaml\u0131k sa\u011flar. Bah\u00e7enizden teras\u0131n\u0131za, havuz ba\u015f\u0131ndan genel d\u0131\u015f mekanlara [&hellip;]<\/p>\n","protected":false},"author":1,"featured_media":0,"parent":0,"menu_order":0,"comment_status":"closed","ping_status":"closed","template":"elementor_header_footer","meta":{"footnotes":""},"class_list":["post-24","page","type-page","status-publish","hentry"],"_links":{"self":[{"href":"https:\/\/eofurniturecontract.com\/index.php\/wp-json\/wp\/v2\/pages\/24","targetHints":{"allow":["GET"]}}],"collection":[{"href":"https:\/\/eofurniturecontract.com\/index.php\/wp-json\/wp\/v2\/pages"}],"about":[{"href":"https:\/\/eofurniturecontract.com\/index.php\/wp-json\/wp\/v2\/types\/page"}],"author":[{"embeddable":true,"href":"https:\/\/eofurniturecontract.com\/index.php\/wp-json\/wp\/v2\/users\/1"}],"replies":[{"embeddable":true,"href":"https:\/\/eofurniturecontract.com\/index.php\/wp-json\/wp\/v2\/comments?post=24"}],"version-history":[{"count":10,"href":"https:\/\/eofurniturecontract.com\/index.php\/wp-json\/wp\/v2\/pages\/24\/revisions"}],"predecessor-version":[{"id":254,"href":"https:\/\/eofurniturecontract.com\/index.php\/wp-json\/wp\/v2\/pages\/24\/revisions\/254"}],"wp:attachment":[{"href":"https:\/\/eofurniturecontract.com\/index.php\/wp-json\/wp\/v2\/media?parent=24"}],"curies":[{"name":"wp","href":"https:\/\/api.w.org\/{rel}","templated":true}]}}