{"id":26,"date":"2024-11-18T14:52:24","date_gmt":"2024-11-18T14:52:24","guid":{"rendered":"http:\/\/eofurniturecontract.com\/?page_id=26"},"modified":"2024-11-19T12:04:24","modified_gmt":"2024-11-19T12:04:24","slug":"proje-danismanligi","status":"publish","type":"page","link":"https:\/\/eofurniturecontract.com\/index.php\/proje-danismanligi\/","title":{"rendered":"Proje Dan\u0131\u015fmanl\u0131\u011f\u0131"},"content":{"rendered":"\t\t<div data-elementor-type=\"wp-page\" data-elementor-id=\"26\" class=\"elementor elementor-26\" data-elementor-post-type=\"page\">\n\t\t\t\t\t\t<section class=\"elementor-section elementor-top-section elementor-element elementor-element-4705028 elementor-section-boxed elementor-section-height-default elementor-section-height-default\" data-id=\"4705028\" data-element_type=\"section\" data-e-type=\"section\" data-settings=\"{&quot;ekit_has_onepagescroll_dot&quot;:&quot;yes&quot;}\">\n\t\t\t\t\t\t<div class=\"elementor-container elementor-column-gap-default\">\n\t\t\t\t\t<div class=\"elementor-column elementor-col-50 elementor-top-column elementor-element elementor-element-0af0b19 animated-slow elementor-invisible\" data-id=\"0af0b19\" data-element_type=\"column\" data-e-type=\"column\" data-settings=\"{&quot;animation&quot;:&quot;fadeInUp&quot;}\">\n\t\t\t<div class=\"elementor-widget-wrap elementor-element-populated\">\n\t\t\t\t\t\t<div class=\"elementor-element elementor-element-bc8eabe elementor-widget elementor-widget-image\" data-id=\"bc8eabe\" data-element_type=\"widget\" data-e-type=\"widget\" data-settings=\"{&quot;ekit_we_effect_on&quot;:&quot;none&quot;}\" data-widget_type=\"image.default\">\n\t\t\t\t<div class=\"elementor-widget-container\">\n\t\t\t\t\t\t\t\t\t\t\t\t\t\t\t<img fetchpriority=\"high\" decoding=\"async\" width=\"599\" height=\"830\" src=\"https:\/\/eofurniturecontract.com\/wp-content\/uploads\/2024\/11\/freepik_edit_Project-Consultancy-and-Organisation-Planning-proc-2.jpg\" class=\"attachment-full size-full wp-image-255\" alt=\"\" srcset=\"https:\/\/eofurniturecontract.com\/wp-content\/uploads\/2024\/11\/freepik_edit_Project-Consultancy-and-Organisation-Planning-proc-2.jpg 599w, https:\/\/eofurniturecontract.com\/wp-content\/uploads\/2024\/11\/freepik_edit_Project-Consultancy-and-Organisation-Planning-proc-2-217x300.jpg 217w\" sizes=\"(max-width: 599px) 100vw, 599px\" \/>\t\t\t\t\t\t\t\t\t\t\t\t\t\t\t<\/div>\n\t\t\t\t<\/div>\n\t\t\t\t\t<\/div>\n\t\t<\/div>\n\t\t\t\t<div class=\"elementor-column elementor-col-50 elementor-top-column elementor-element elementor-element-ac77ec3\" data-id=\"ac77ec3\" data-element_type=\"column\" data-e-type=\"column\">\n\t\t\t<div class=\"elementor-widget-wrap elementor-element-populated\">\n\t\t\t\t\t\t<section class=\"elementor-section elementor-inner-section elementor-element elementor-element-958f410 elementor-section-boxed elementor-section-height-default elementor-section-height-default\" data-id=\"958f410\" data-element_type=\"section\" data-e-type=\"section\" data-settings=\"{&quot;ekit_has_onepagescroll_dot&quot;:&quot;yes&quot;}\">\n\t\t\t\t\t\t<div class=\"elementor-container elementor-column-gap-default\">\n\t\t\t\t\t<div class=\"elementor-column elementor-col-50 elementor-inner-column elementor-element elementor-element-cb8083e\" data-id=\"cb8083e\" data-element_type=\"column\" data-e-type=\"column\">\n\t\t\t<div class=\"elementor-widget-wrap elementor-element-populated\">\n\t\t\t\t\t\t<div class=\"elementor-element elementor-element-a8d0b7e elementor-widget elementor-widget-image\" data-id=\"a8d0b7e\" data-element_type=\"widget\" data-e-type=\"widget\" data-settings=\"{&quot;ekit_we_effect_on&quot;:&quot;none&quot;}\" data-widget_type=\"image.default\">\n\t\t\t\t<div class=\"elementor-widget-container\">\n\t\t\t\t\t\t\t\t\t\t\t\t\t\t\t<img decoding=\"async\" width=\"7\" height=\"154\" src=\"https:\/\/eofurniturecontract.com\/wp-content\/uploads\/2024\/11\/line.png\" class=\"attachment-full size-full wp-image-80\" alt=\"\" \/>\t\t\t\t\t\t\t\t\t\t\t\t\t\t\t<\/div>\n\t\t\t\t<\/div>\n\t\t\t\t\t<\/div>\n\t\t<\/div>\n\t\t\t\t<div class=\"elementor-column elementor-col-50 elementor-inner-column elementor-element elementor-element-adf0d99\" data-id=\"adf0d99\" data-element_type=\"column\" data-e-type=\"column\">\n\t\t\t<div class=\"elementor-widget-wrap elementor-element-populated\">\n\t\t\t\t\t\t<div class=\"elementor-element elementor-element-9fc3c33 elementor-widget elementor-widget-heading\" data-id=\"9fc3c33\" data-element_type=\"widget\" data-e-type=\"widget\" data-settings=\"{&quot;ekit_we_effect_on&quot;:&quot;none&quot;}\" data-widget_type=\"heading.default\">\n\t\t\t\t<div class=\"elementor-widget-container\">\n\t\t\t\t\t<h2 class=\"elementor-heading-title elementor-size-default\">hizmetlerimiz<\/h2>\t\t\t\t<\/div>\n\t\t\t\t<\/div>\n\t\t\t\t<div class=\"elementor-element elementor-element-e0caeda elementor-widget elementor-widget-heading\" data-id=\"e0caeda\" data-element_type=\"widget\" data-e-type=\"widget\" data-settings=\"{&quot;ekit_we_effect_on&quot;:&quot;none&quot;}\" data-widget_type=\"heading.default\">\n\t\t\t\t<div class=\"elementor-widget-container\">\n\t\t\t\t\t<h2 class=\"elementor-heading-title elementor-size-default\">Proje Dan\u0131\u015fmanl\u0131\u011f\u0131<\/h2>\t\t\t\t<\/div>\n\t\t\t\t<\/div>\n\t\t\t\t\t<\/div>\n\t\t<\/div>\n\t\t\t\t\t<\/div>\n\t\t<\/section>\n\t\t\t\t<section class=\"elementor-section elementor-inner-section elementor-element elementor-element-447f867 elementor-section-boxed elementor-section-height-default elementor-section-height-default\" data-id=\"447f867\" data-element_type=\"section\" data-e-type=\"section\" data-settings=\"{&quot;ekit_has_onepagescroll_dot&quot;:&quot;yes&quot;}\">\n\t\t\t\t\t\t<div class=\"elementor-container elementor-column-gap-default\">\n\t\t\t\t\t<div class=\"elementor-column elementor-col-50 elementor-inner-column elementor-element elementor-element-a89d161\" data-id=\"a89d161\" data-element_type=\"column\" data-e-type=\"column\">\n\t\t\t<div class=\"elementor-widget-wrap\">\n\t\t\t\t\t\t\t<\/div>\n\t\t<\/div>\n\t\t\t\t<div class=\"elementor-column elementor-col-50 elementor-inner-column elementor-element elementor-element-47e1b15\" data-id=\"47e1b15\" data-element_type=\"column\" data-e-type=\"column\">\n\t\t\t<div class=\"elementor-widget-wrap elementor-element-populated\">\n\t\t\t\t\t\t<div class=\"elementor-element elementor-element-c3b3665 elementor-widget elementor-widget-text-editor\" data-id=\"c3b3665\" data-element_type=\"widget\" data-e-type=\"widget\" data-settings=\"{&quot;ekit_we_effect_on&quot;:&quot;none&quot;}\" data-widget_type=\"text-editor.default\">\n\t\t\t\t<div class=\"elementor-widget-container\">\n\t\t\t\t\t\t\t\t\t<p>Projelerinizin her a\u015famas\u0131nda yan\u0131n\u0131zday\u0131z. Mobilya ve ah\u015fap i\u015fleri konusunda sundu\u011fumuz kapsaml\u0131 dan\u0131\u015fmanl\u0131k hizmetleriyle, i\u015f y\u00fck\u00fcn\u00fcz\u00fc hafifletiyor ve s\u00fcre\u00e7leri sizin i\u00e7in kolayla\u015ft\u0131r\u0131yoruz. Uzman ekibimizin sekt\u00f6rdeki derin bilgi birikimiyle, projelerinizi ba\u015ftan sona profesyonel bir \u015fekilde y\u00f6netiyoruz.<\/p>\t\t\t\t\t\t\t\t<\/div>\n\t\t\t\t<\/div>\n\t\t\t\t\t<\/div>\n\t\t<\/div>\n\t\t\t\t\t<\/div>\n\t\t<\/section>\n\t\t\t\t<section class=\"elementor-section elementor-inner-section elementor-element elementor-element-40fd9d8 elementor-section-boxed elementor-section-height-default elementor-section-height-default\" data-id=\"40fd9d8\" data-element_type=\"section\" data-e-type=\"section\" data-settings=\"{&quot;ekit_has_onepagescroll_dot&quot;:&quot;yes&quot;}\">\n\t\t\t\t\t\t<div class=\"elementor-container elementor-column-gap-default\">\n\t\t\t\t\t<div class=\"elementor-column elementor-col-50 elementor-inner-column elementor-element elementor-element-8ff3ee1\" data-id=\"8ff3ee1\" data-element_type=\"column\" data-e-type=\"column\">\n\t\t\t<div class=\"elementor-widget-wrap elementor-element-populated\">\n\t\t\t\t\t\t<div class=\"elementor-element elementor-element-de67b82 elementor-widget elementor-widget-image\" data-id=\"de67b82\" data-element_type=\"widget\" data-e-type=\"widget\" data-settings=\"{&quot;ekit_we_effect_on&quot;:&quot;none&quot;}\" data-widget_type=\"image.default\">\n\t\t\t\t<div class=\"elementor-widget-container\">\n\t\t\t\t\t\t\t\t\t\t\t\t\t\t\t<img decoding=\"async\" width=\"693\" height=\"960\" src=\"https:\/\/eofurniturecontract.com\/wp-content\/uploads\/2024\/11\/h11.jpg\" class=\"attachment-full size-full wp-image-257\" alt=\"\" srcset=\"https:\/\/eofurniturecontract.com\/wp-content\/uploads\/2024\/11\/h11.jpg 693w, https:\/\/eofurniturecontract.com\/wp-content\/uploads\/2024\/11\/h11-217x300.jpg 217w\" sizes=\"(max-width: 693px) 100vw, 693px\" \/>\t\t\t\t\t\t\t\t\t\t\t\t\t\t\t<\/div>\n\t\t\t\t<\/div>\n\t\t\t\t\t<\/div>\n\t\t<\/div>\n\t\t\t\t<div class=\"elementor-column elementor-col-50 elementor-inner-column elementor-element elementor-element-453d002\" data-id=\"453d002\" data-element_type=\"column\" data-e-type=\"column\" data-settings=\"{&quot;background_background&quot;:&quot;classic&quot;}\">\n\t\t\t<div class=\"elementor-widget-wrap elementor-element-populated\">\n\t\t\t\t\t\t<div class=\"elementor-element elementor-element-c83c6aa elementor-widget elementor-widget-heading\" data-id=\"c83c6aa\" data-element_type=\"widget\" data-e-type=\"widget\" data-settings=\"{&quot;ekit_we_effect_on&quot;:&quot;none&quot;}\" data-widget_type=\"heading.default\">\n\t\t\t\t<div class=\"elementor-widget-container\">\n\t\t\t\t\t<h2 class=\"elementor-heading-title elementor-size-default\">Planlama ve \u00dcretim Organizasyonu\n<\/h2>\t\t\t\t<\/div>\n\t\t\t\t<\/div>\n\t\t\t\t<div class=\"elementor-element elementor-element-35e29c4 elementor-widget elementor-widget-text-editor\" data-id=\"35e29c4\" data-element_type=\"widget\" data-e-type=\"widget\" data-settings=\"{&quot;ekit_we_effect_on&quot;:&quot;none&quot;}\" data-widget_type=\"text-editor.default\">\n\t\t\t\t<div class=\"elementor-widget-container\">\n\t\t\t\t\t\t\t\t\t<p>Her ba\u015far\u0131l\u0131 projenin temelinde do\u011fru bir planlama s\u00fcreci yatar. Bu anlay\u0131\u015fla, projelerinize ba\u015flamadan \u00f6nce t\u00fcm detaylar\u0131 \u00f6zenle planl\u0131yor, \u00fcretim s\u00fcre\u00e7lerini titizlikle organize ediyoruz. Zaman \u00e7izelgesi olu\u015fturulmas\u0131ndan i\u015f g\u00fcc\u00fc planlamas\u0131na kadar her a\u015famada etkin bir y\u00f6netim sa\u011flayarak, projelerinizin sorunsuz bir \u015fekilde ilerlemesini sa\u011fl\u0131yoruz.<\/p>\t\t\t\t\t\t\t\t<\/div>\n\t\t\t\t<\/div>\n\t\t\t\t\t<\/div>\n\t\t<\/div>\n\t\t\t\t\t<\/div>\n\t\t<\/section>\n\t\t\t\t<section class=\"elementor-section elementor-inner-section elementor-element elementor-element-be04d62 elementor-section-boxed elementor-section-height-default elementor-section-height-default\" data-id=\"be04d62\" data-element_type=\"section\" data-e-type=\"section\" data-settings=\"{&quot;ekit_has_onepagescroll_dot&quot;:&quot;yes&quot;}\">\n\t\t\t\t\t\t<div class=\"elementor-container elementor-column-gap-default\">\n\t\t\t\t\t<div class=\"elementor-column elementor-col-50 elementor-inner-column elementor-element elementor-element-bccddac\" data-id=\"bccddac\" data-element_type=\"column\" data-e-type=\"column\">\n\t\t\t<div class=\"elementor-widget-wrap elementor-element-populated\">\n\t\t\t\t\t\t<div class=\"elementor-element elementor-element-9707d52 elementor-widget elementor-widget-image\" data-id=\"9707d52\" data-element_type=\"widget\" data-e-type=\"widget\" data-settings=\"{&quot;ekit_we_effect_on&quot;:&quot;none&quot;}\" data-widget_type=\"image.default\">\n\t\t\t\t<div class=\"elementor-widget-container\">\n\t\t\t\t\t\t\t\t\t\t\t\t\t\t\t<img loading=\"lazy\" decoding=\"async\" width=\"693\" height=\"960\" src=\"https:\/\/eofurniturecontract.com\/wp-content\/uploads\/2024\/11\/h8.jpg\" class=\"attachment-large size-large wp-image-258\" alt=\"\" srcset=\"https:\/\/eofurniturecontract.com\/wp-content\/uploads\/2024\/11\/h8.jpg 693w, https:\/\/eofurniturecontract.com\/wp-content\/uploads\/2024\/11\/h8-217x300.jpg 217w\" sizes=\"(max-width: 693px) 100vw, 693px\" \/>\t\t\t\t\t\t\t\t\t\t\t\t\t\t\t<\/div>\n\t\t\t\t<\/div>\n\t\t\t\t\t<\/div>\n\t\t<\/div>\n\t\t\t\t<div class=\"elementor-column elementor-col-50 elementor-inner-column elementor-element elementor-element-fd9b9fa\" data-id=\"fd9b9fa\" data-element_type=\"column\" data-e-type=\"column\" data-settings=\"{&quot;background_background&quot;:&quot;classic&quot;}\">\n\t\t\t<div class=\"elementor-widget-wrap elementor-element-populated\">\n\t\t\t\t\t\t<div class=\"elementor-element elementor-element-2460ac9 elementor-widget elementor-widget-heading\" data-id=\"2460ac9\" data-element_type=\"widget\" data-e-type=\"widget\" data-settings=\"{&quot;ekit_we_effect_on&quot;:&quot;none&quot;}\" data-widget_type=\"heading.default\">\n\t\t\t\t<div class=\"elementor-widget-container\">\n\t\t\t\t\t<h2 class=\"elementor-heading-title elementor-size-default\">Malzeme Se\u00e7imi ve Sat\u0131n Alma\n<\/h2>\t\t\t\t<\/div>\n\t\t\t\t<\/div>\n\t\t\t\t<div class=\"elementor-element elementor-element-3da5adc elementor-widget elementor-widget-text-editor\" data-id=\"3da5adc\" data-element_type=\"widget\" data-e-type=\"widget\" data-settings=\"{&quot;ekit_we_effect_on&quot;:&quot;none&quot;}\" data-widget_type=\"text-editor.default\">\n\t\t\t\t<div class=\"elementor-widget-container\">\n\t\t\t\t\t\t\t\t\t<p>Bir projenin kalitesini belirleyen en \u00f6nemli unsurlardan biri kullan\u0131lan malzemelerdir. Projenizin ihtiya\u00e7lar\u0131na en uygun h\u0131rdavat, boya ve aksesuarlar\u0131 belirlemek i\u00e7in uzman ekibimizle dan\u0131\u015fmanl\u0131k hizmeti sunuyoruz. Y\u00fcksek kalite standartlar\u0131na uygun malzemeleri tedarik ederek, hem estetik hem de dayan\u0131kl\u0131l\u0131k a\u00e7\u0131s\u0131ndan m\u00fckemmel sonu\u00e7lar elde etmenizi sa\u011fl\u0131yoruz.<\/p>\t\t\t\t\t\t\t\t<\/div>\n\t\t\t\t<\/div>\n\t\t\t\t\t<\/div>\n\t\t<\/div>\n\t\t\t\t\t<\/div>\n\t\t<\/section>\n\t\t\t\t<section class=\"elementor-section elementor-inner-section elementor-element elementor-element-bf02f74 elementor-section-boxed elementor-section-height-default elementor-section-height-default\" data-id=\"bf02f74\" data-element_type=\"section\" data-e-type=\"section\" data-settings=\"{&quot;ekit_has_onepagescroll_dot&quot;:&quot;yes&quot;}\">\n\t\t\t\t\t\t<div class=\"elementor-container elementor-column-gap-default\">\n\t\t\t\t\t<div class=\"elementor-column elementor-col-50 elementor-inner-column elementor-element elementor-element-591033b\" data-id=\"591033b\" data-element_type=\"column\" data-e-type=\"column\">\n\t\t\t<div class=\"elementor-widget-wrap elementor-element-populated\">\n\t\t\t\t\t\t<div class=\"elementor-element elementor-element-cdca9a5 elementor-widget elementor-widget-image\" data-id=\"cdca9a5\" data-element_type=\"widget\" data-e-type=\"widget\" data-settings=\"{&quot;ekit_we_effect_on&quot;:&quot;none&quot;}\" data-widget_type=\"image.default\">\n\t\t\t\t<div class=\"elementor-widget-container\">\n\t\t\t\t\t\t\t\t\t\t\t\t\t\t\t<img loading=\"lazy\" decoding=\"async\" width=\"693\" height=\"960\" src=\"https:\/\/eofurniturecontract.com\/wp-content\/uploads\/2024\/11\/h9.jpg\" class=\"attachment-large size-large wp-image-259\" alt=\"\" srcset=\"https:\/\/eofurniturecontract.com\/wp-content\/uploads\/2024\/11\/h9.jpg 693w, https:\/\/eofurniturecontract.com\/wp-content\/uploads\/2024\/11\/h9-217x300.jpg 217w\" sizes=\"(max-width: 693px) 100vw, 693px\" \/>\t\t\t\t\t\t\t\t\t\t\t\t\t\t\t<\/div>\n\t\t\t\t<\/div>\n\t\t\t\t\t<\/div>\n\t\t<\/div>\n\t\t\t\t<div class=\"elementor-column elementor-col-50 elementor-inner-column elementor-element elementor-element-cb4e9ab\" data-id=\"cb4e9ab\" data-element_type=\"column\" data-e-type=\"column\" data-settings=\"{&quot;background_background&quot;:&quot;classic&quot;}\">\n\t\t\t<div class=\"elementor-widget-wrap elementor-element-populated\">\n\t\t\t\t\t\t<div class=\"elementor-element elementor-element-31d6626 elementor-widget elementor-widget-heading\" data-id=\"31d6626\" data-element_type=\"widget\" data-e-type=\"widget\" data-settings=\"{&quot;ekit_we_effect_on&quot;:&quot;none&quot;}\" data-widget_type=\"heading.default\">\n\t\t\t\t<div class=\"elementor-widget-container\">\n\t\t\t\t\t<h2 class=\"elementor-heading-title elementor-size-default\">Saha Kontrol\u00fc ve Koordinasyon\n<\/h2>\t\t\t\t<\/div>\n\t\t\t\t<\/div>\n\t\t\t\t<div class=\"elementor-element elementor-element-584eb54 elementor-widget elementor-widget-text-editor\" data-id=\"584eb54\" data-element_type=\"widget\" data-e-type=\"widget\" data-settings=\"{&quot;ekit_we_effect_on&quot;:&quot;none&quot;}\" data-widget_type=\"text-editor.default\">\n\t\t\t\t<div class=\"elementor-widget-container\">\n\t\t\t\t\t\t\t\t\t<p>Projenizin kusursuz bir \u015fekilde tamamlanmas\u0131 i\u00e7in sahada etkin bir kontrol ve koordinasyon sa\u011fl\u0131yoruz. \u00c7al\u0131\u015fmalar\u0131n do\u011fru bir \u015fekilde ilerledi\u011finden emin olmak i\u00e7in d\u00fczenli denetimler ger\u00e7ekle\u015ftiriyor, olas\u0131 sorunlar\u0131 \u00f6nceden tespit ederek \u00e7\u00f6z\u00fcmler \u00fcretiyoruz. Bu sayede, t\u00fcm s\u00fcre\u00e7lerin planlanan zaman diliminde ve kalite standartlar\u0131na uygun bir \u015fekilde tamamlanmas\u0131n\u0131 garanti alt\u0131na al\u0131yoruz.<\/p>\t\t\t\t\t\t\t\t<\/div>\n\t\t\t\t<\/div>\n\t\t\t\t\t<\/div>\n\t\t<\/div>\n\t\t\t\t\t<\/div>\n\t\t<\/section>\n\t\t\t\t<section class=\"elementor-section elementor-inner-section elementor-element elementor-element-6e5cc9d elementor-section-boxed elementor-section-height-default elementor-section-height-default\" data-id=\"6e5cc9d\" data-element_type=\"section\" data-e-type=\"section\" data-settings=\"{&quot;ekit_has_onepagescroll_dot&quot;:&quot;yes&quot;}\">\n\t\t\t\t\t\t<div class=\"elementor-container elementor-column-gap-default\">\n\t\t\t\t\t<div class=\"elementor-column elementor-col-50 elementor-inner-column elementor-element elementor-element-4061796\" data-id=\"4061796\" data-element_type=\"column\" data-e-type=\"column\">\n\t\t\t<div class=\"elementor-widget-wrap elementor-element-populated\">\n\t\t\t\t\t\t<div class=\"elementor-element elementor-element-e113799 elementor-widget elementor-widget-image\" data-id=\"e113799\" data-element_type=\"widget\" data-e-type=\"widget\" data-settings=\"{&quot;ekit_we_effect_on&quot;:&quot;none&quot;}\" data-widget_type=\"image.default\">\n\t\t\t\t<div class=\"elementor-widget-container\">\n\t\t\t\t\t\t\t\t\t\t\t\t\t\t\t<img loading=\"lazy\" decoding=\"async\" width=\"693\" height=\"960\" src=\"https:\/\/eofurniturecontract.com\/wp-content\/uploads\/2024\/11\/h10.jpg\" class=\"attachment-large size-large wp-image-260\" alt=\"\" srcset=\"https:\/\/eofurniturecontract.com\/wp-content\/uploads\/2024\/11\/h10.jpg 693w, https:\/\/eofurniturecontract.com\/wp-content\/uploads\/2024\/11\/h10-217x300.jpg 217w\" sizes=\"(max-width: 693px) 100vw, 693px\" \/>\t\t\t\t\t\t\t\t\t\t\t\t\t\t\t<\/div>\n\t\t\t\t<\/div>\n\t\t\t\t\t<\/div>\n\t\t<\/div>\n\t\t\t\t<div class=\"elementor-column elementor-col-50 elementor-inner-column elementor-element elementor-element-724da5a\" data-id=\"724da5a\" data-element_type=\"column\" data-e-type=\"column\" data-settings=\"{&quot;background_background&quot;:&quot;classic&quot;}\">\n\t\t\t<div class=\"elementor-widget-wrap elementor-element-populated\">\n\t\t\t\t\t\t<div class=\"elementor-element elementor-element-8e08a83 elementor-widget elementor-widget-heading\" data-id=\"8e08a83\" data-element_type=\"widget\" data-e-type=\"widget\" data-settings=\"{&quot;ekit_we_effect_on&quot;:&quot;none&quot;}\" data-widget_type=\"heading.default\">\n\t\t\t\t<div class=\"elementor-widget-container\">\n\t\t\t\t\t<h2 class=\"elementor-heading-title elementor-size-default\">Mimari ve \u0130\u00e7 Mimari Ofislerle \u0130\u015f Birli\u011fi\n<\/h2>\t\t\t\t<\/div>\n\t\t\t\t<\/div>\n\t\t\t\t<div class=\"elementor-element elementor-element-39b9c98 elementor-widget elementor-widget-text-editor\" data-id=\"39b9c98\" data-element_type=\"widget\" data-e-type=\"widget\" data-settings=\"{&quot;ekit_we_effect_on&quot;:&quot;none&quot;}\" data-widget_type=\"text-editor.default\">\n\t\t\t\t<div class=\"elementor-widget-container\">\n\t\t\t\t\t\t\t\t\t<p>Projelerinizin estetik ve i\u015flevsellik a\u00e7\u0131s\u0131ndan en iyi \u015fekilde hayata ge\u00e7irilmesi i\u00e7in mimari ve i\u00e7 mimari ofislerle yak\u0131n i\u015f birli\u011fi yap\u0131yoruz. Tasar\u0131m s\u00fcrecinden uygulamaya kadar her a\u015famada koordineli bir \u015fekilde \u00e7al\u0131\u015farak, projeleriniz i\u00e7in en uygun ve yenilik\u00e7i \u00e7\u00f6z\u00fcmleri sunuyoruz. Bu i\u015f birli\u011fi, hem \u00f6zg\u00fcn hem de kullan\u0131c\u0131 dostu mekanlar yaratmam\u0131z\u0131 sa\u011fl\u0131yor.<\/p>\t\t\t\t\t\t\t\t<\/div>\n\t\t\t\t<\/div>\n\t\t\t\t\t<\/div>\n\t\t<\/div>\n\t\t\t\t\t<\/div>\n\t\t<\/section>\n\t\t\t\t\t<\/div>\n\t\t<\/div>\n\t\t\t\t\t<\/div>\n\t\t<\/section>\n\t\t\t\t<\/div>\n\t\t","protected":false},"excerpt":{"rendered":"<p>hizmetlerimiz Proje Dan\u0131\u015fmanl\u0131\u011f\u0131 Projelerinizin her a\u015famas\u0131nda yan\u0131n\u0131zday\u0131z. Mobilya ve ah\u015fap i\u015fleri konusunda sundu\u011fumuz kapsaml\u0131 dan\u0131\u015fmanl\u0131k hizmetleriyle, i\u015f y\u00fck\u00fcn\u00fcz\u00fc hafifletiyor ve s\u00fcre\u00e7leri sizin i\u00e7in kolayla\u015ft\u0131r\u0131yoruz. Uzman ekibimizin sekt\u00f6rdeki derin bilgi birikimiyle, projelerinizi ba\u015ftan sona profesyonel bir \u015fekilde y\u00f6netiyoruz. Planlama ve \u00dcretim Organizasyonu Her ba\u015far\u0131l\u0131 projenin temelinde do\u011fru bir planlama s\u00fcreci yatar. Bu anlay\u0131\u015fla, projelerinize ba\u015flamadan \u00f6nce [&hellip;]<\/p>\n","protected":false},"author":1,"featured_media":0,"parent":0,"menu_order":0,"comment_status":"closed","ping_status":"closed","template":"elementor_header_footer","meta":{"footnotes":""},"class_list":["post-26","page","type-page","status-publish","hentry"],"_links":{"self":[{"href":"https:\/\/eofurniturecontract.com\/index.php\/wp-json\/wp\/v2\/pages\/26","targetHints":{"allow":["GET"]}}],"collection":[{"href":"https:\/\/eofurniturecontract.com\/index.php\/wp-json\/wp\/v2\/pages"}],"about":[{"href":"https:\/\/eofurniturecontract.com\/index.php\/wp-json\/wp\/v2\/types\/page"}],"author":[{"embeddable":true,"href":"https:\/\/eofurniturecontract.com\/index.php\/wp-json\/wp\/v2\/users\/1"}],"replies":[{"embeddable":true,"href":"https:\/\/eofurniturecontract.com\/index.php\/wp-json\/wp\/v2\/comments?post=26"}],"version-history":[{"count":4,"href":"https:\/\/eofurniturecontract.com\/index.php\/wp-json\/wp\/v2\/pages\/26\/revisions"}],"predecessor-version":[{"id":263,"href":"https:\/\/eofurniturecontract.com\/index.php\/wp-json\/wp\/v2\/pages\/26\/revisions\/263"}],"wp:attachment":[{"href":"https:\/\/eofurniturecontract.com\/index.php\/wp-json\/wp\/v2\/media?parent=26"}],"curies":[{"name":"wp","href":"https:\/\/api.w.org\/{rel}","templated":true}]}}